{"id":119718,"date":"2023-04-03T17:19:57","date_gmt":"2023-04-03T15:19:57","guid":{"rendered":"https:\/\/dev1.jogapiekna.com?post_type=product&#038;p=119718"},"modified":"2026-03-17T09:39:24","modified_gmt":"2026-03-17T08:39:24","slug":"acne-stop-zel-do-ultradzwiekow-cera-tradzikowa-200-ml","status":"publish","type":"product","link":"https:\/\/dev1.jogapiekna.com\/en\/product\/acne-stop-zel-do-ultradzwiekow-cera-tradzikowa-200-ml\/","title":{"rendered":"Ultrasonic Acne gel Apis ACNE STOP 200 ml"},"content":{"rendered":"<p>Acne skin requires special care, which is based on <strong>cleansing, moisturizing and regulating sebum secretion<\/strong>. If you have oily skin, prone to breakouts and inflammation-it is worth implementing in your care <a href=\"https:\/\/dev1.jogapiekna.comprodukt\/wielofunkcyjny-masazer-liftingujacy\/\">ultrasound and radiofrequency massage<\/a> using appropriate care products, such as the Polish brand APIS ACNE STOP gel.<\/p>\n<p>Not only that, it facilitates the procedure itself, <strong>provides comfort when moving the head<\/strong>this, in addition, thanks to extracts of seaweed and green tea, deeply cleanses the pores, absorbs impurities and toxins, relieving inflammation.<\/p>\n<p>&nbsp;<\/p>\n<h2>APIS gel properties for acne-prone skin<\/h2>\n<ul>\n<li><strong>Green Tea Extract<\/strong> it contains antioxidants that help remove dirt and toxins from the surface of the skin, which leads to its cleansing. In addition, it has <strong>anti-inflammatory properties<\/strong>which help relieve skin inflammation such as redness and irritation.<\/li>\n<li><strong>Arnica Extract<\/strong> strengthens and narrows capillaries, <strong>it has properties that strengthen the walls of blood vessels<\/strong>which helps improve their fitness and flexibility. In addition, it relieves skin irritation and inflammation.<\/li>\n<li><strong>Bamboo Extract<\/strong> it has anti-inflammatory, astringent and antiseptic properties. This helps soothe skin inflammation and reduce redness. <strong>Reduces enlarged pores and excess sebum production.<\/strong> It helps fight bacteria and prevents skin infections.<\/li>\n<li><strong>Aloe Extract<\/strong> it has the ability to intensively moisturize the skin, provide it with the necessary nutrients and moisturizers. <strong>It has a stimulating and bactericidal effect<\/strong>which means it can help fight bacteria on the skin and prevent infection.<\/li>\n<\/ul>\n<p>&nbsp;<\/p>\n<h3>Acne Gel Effect APIS:<\/h3>\n<ul>\n<li>regulates the level of sebum secretion<\/li>\n<li>nourishes and moisturizes the skin<\/li>\n<li>it has an antibacterial effect<\/li>\n<li>relieves pruning and inflammation<\/li>\n<li>tones and cleanses the skin<\/li>\n<li>it allows you to perform ultrasound, radiofrequency procedures, alcohol-free mesotherapy, as well as manual massage, such as gua sha<\/li>\n<\/ul>\n<p>&nbsp;<\/p>\n<h2>Why should APIS gel be used during ultrasound and radiofrequency procedures?<\/h2>\n<p>APIS gel during ultrasound and radiofrequency massage <strong>acts as a lubricant<\/strong>reducing friction between the head \/ heads of the device and the skin. This allows the massager to move more gently and comfortably over the surface of the skin. Without using the gel, the skin may be prone to irritation and redness due to friction.<\/p>\n<p>In addition, the gel<strong> it has conductive properties<\/strong>, which means that it allows ultrasonic and radio frequency waves to pass through. Smooth application of the drug to the skin facilitates the conduction of energy to the target tissue. Without the use of cosmetics, the air between the device heads and the skin can cause the reflection of an ultrasound wave or radio frequency current, which affects the treatment effects.<\/p>\n<p>&nbsp;<\/p>\n<h2>Why do I trust the brand APIs?<\/h2>\n<p>APIS NATURAL COSMETICS\u00ae to <strong>Poland cosmetics brand<\/strong> from Bydgoszcz, which has been on the market since 1988. It was created by Kristina Arkabovich, a biotechnologist with vast experience and passion for cosmetology.<\/p>\n<p>The basis for all products are <strong>ingredients of natural origin<\/strong> - plant extracts and extracts, precious oils and nourishing peptide complexes, vitamins and minerals. These are multi-purpose products, perfect for different facial needs.<\/p>\n<p>&nbsp;<\/p>\n<h2>Product composition<\/h2>\n<p>Aqua, Glycerin, Carbomer, Aloe Extract, Cocamidopropyl Betaine, Green Tea Extract, Propylene Glycol, Triethanolamine, Bambusa Vulgaris (Bamboo) Extract, Phenoxyethanol, Caprylyl Glycol, Arnica Extract<\/p>\n<p>&nbsp;<\/p>\n<h2>How and when to use Gel APIS?<\/h2>\n<ul>\n<li>Apply a thick layer of gel to cleansed face, neck and decollete. Skip the area around the eyes and mouth.<\/li>\n<li>Apply the gel to the skin with light, straight movements over the muscles.<\/li>\n<\/ul>\n<p>Gel for acne, combination, oily and cleansing skin works well during <a href=\"https:\/\/dev1.jogapiekna.comprodukt\/wielofunkcyjny-masazer-liftingujacy\/\">performing massage using radio waves, EMS and LED light<\/a>as well as during manual facial massage, for example, using mineral tools <a href=\"https:\/\/dev1.jogapiekna.comkategoria-produktu\/akcesoria\/masaz-twarzy-i-szyi\/gua-sha-rollery\/\">GUA-SHA<\/a>.<\/p>","protected":false},"excerpt":{"rendered":"<p>Acne is a real challenge. If you want to use ultrasound massage and radiofrequency massage, take care of it <strong>cleansing, regulating sebum secretion<\/strong> and above all <strong>muted inflammation<\/strong>.<\/p>\n<p>ACNE STOP ultrasound gel is designed for owners of a problematic complexion, which is <strong>mixed or bold<\/strong> and it is prone to acne changes. This makes it easier for the massage heads to slide and supports the skin&#039;s condition, restoring its healthy and radiant appearance.<\/p>","protected":false},"featured_media":119719,"comment_status":"closed","ping_status":"closed","template":"","meta":{"_acf_changed":false,"site-sidebar-layout":"default","site-content-layout":"","ast-site-content-layout":"default","site-content-style":"default","site-sidebar-style":"default","ast-global-header-display":"","ast-banner-title-visibility":"","ast-main-header-display":"","ast-hfb-above-header-display":"","ast-hfb-below-header-display":"","ast-hfb-mobile-header-display":"","site-post-title":"","ast-breadcrumbs-content":"","ast-featured-img":"","footer-sml-layout":"","ast-disable-related-posts":"","theme-transparent-header-meta":"","adv-header-id-meta":"","stick-header-meta":"","header-above-stick-meta":"","header-main-stick-meta":"","header-below-stick-meta":"","astra-migrate-meta-layouts":"default","ast-page-background-enabled":"default","ast-page-background-meta":{"desktop":{"background-color":"var(--ast-global-color-5)","background-image":"","background-repeat":"repeat","background-position":"center center","background-size":"auto","background-attachment":"scroll","background-type":"","background-media":"","overlay-type":"","overlay-color":"","overlay-opacity":"","overlay-gradient":""},"tablet":{"background-color":"","background-image":"","background-repeat":"repeat","background-position":"center center","background-size":"auto","background-attachment":"scroll","background-type":"","background-media":"","overlay-type":"","overlay-color":"","overlay-opacity":"","overlay-gradient":""},"mobile":{"background-color":"","background-image":"","background-repeat":"repeat","background-position":"center center","background-size":"auto","background-attachment":"scroll","background-type":"","background-media":"","overlay-type":"","overlay-color":"","overlay-opacity":"","overlay-gradient":""}},"ast-content-background-meta":{"desktop":{"background-color":"var(--ast-global-color-4)","background-image":"","background-repeat":"repeat","background-position":"center center","background-size":"auto","background-attachment":"scroll","background-type":"","background-media":"","overlay-type":"","overlay-color":"","overlay-opacity":"","overlay-gradient":""},"tablet":{"background-color":"var(--ast-global-color-4)","background-image":"","background-repeat":"repeat","background-position":"center center","background-size":"auto","background-attachment":"scroll","background-type":"","background-media":"","overlay-type":"","overlay-color":"","overlay-opacity":"","overlay-gradient":""},"mobile":{"background-color":"var(--ast-global-color-4)","background-image":"","background-repeat":"repeat","background-position":"center center","background-size":"auto","background-attachment":"scroll","background-type":"","background-media":"","overlay-type":"","overlay-color":"","overlay-opacity":"","overlay-gradient":""}}},"product_brand":[],"product_cat":[331],"product_tag":[669,244,667],"class_list":{"0":"post-119718","1":"product","2":"type-product","3":"status-publish","4":"has-post-thumbnail","6":"product_cat-kosmetyki","7":"product_tag-cera-tradzikowa","8":"product_tag-holistyczna-pielegancja","9":"product_tag-zel-do-masazu","10":"desktop-align-left","11":"tablet-align-left","12":"mobile-align-left","14":"first","15":"instock","16":"taxable","17":"shipping-taxable","18":"purchasable","19":"product-type-simple"},"acf":[],"yoast_head":"<!-- This site is optimized with the Yoast SEO plugin v27.1.1 - https:\/\/yoast.com\/product\/yoast-seo-wordpress\/ -->\n<title>ACNE-STOP \u017bel do ultrad\u017awi\u0119k\u00f3w dla cery tr\u0105dzikowej 200 ml<\/title>\n<meta name=\"description\" content=\"\u017bel do ultrad\u017awi\u0119k\u00f3w dla cery tr\u0105dzikowej zawiera ekstrakt z alg morskich i zielonej herbaty, kt\u00f3re g\u0142\u0119boko oczyszczaj\u0105 pory sk\u00f3ry, absorbuj\u0105 zanieczyszczenia i toksyny, \u0142agodz\u0105 stany zapalne.\" \/>\n<meta name=\"robots\" content=\"index, follow, max-snippet:-1, max-image-preview:large, max-video-preview:-1\" \/>\n<link rel=\"canonical\" href=\"https:\/\/dev1.jogapiekna.com\/en\/product\/acne-stop-zel-do-ultradzwiekow-cera-tradzikowa-200-ml\/\" \/>\n<meta property=\"og:locale\" content=\"en_GB\" \/>\n<meta property=\"og:type\" content=\"article\" \/>\n<meta property=\"og:title\" content=\"ACNE-STOP \u017bel do ultrad\u017awi\u0119k\u00f3w dla cery tr\u0105dzikowej 200 ml\" \/>\n<meta property=\"og:description\" content=\"\u017bel do ultrad\u017awi\u0119k\u00f3w dla cery tr\u0105dzikowej zawiera ekstrakt z alg morskich i zielonej herbaty, kt\u00f3re g\u0142\u0119boko oczyszczaj\u0105 pory sk\u00f3ry, absorbuj\u0105 zanieczyszczenia i toksyny, \u0142agodz\u0105 stany zapalne.\" \/>\n<meta property=\"og:url\" content=\"https:\/\/dev1.jogapiekna.com\/en\/product\/acne-stop-zel-do-ultradzwiekow-cera-tradzikowa-200-ml\/\" \/>\n<meta property=\"og:site_name\" content=\"JOGA PI\u0118KNA | Joga Twarzy\" \/>\n<meta property=\"article:publisher\" content=\"https:\/\/www.facebook.com\/JogaPieknaCom\/\" \/>\n<meta property=\"article:modified_time\" content=\"2026-03-17T08:39:24+00:00\" \/>\n<meta property=\"og:image\" content=\"https:\/\/dev1.jogapiekna.com\/wp-content\/uploads\/2023\/04\/zel-do-ultradzwiekow-do-cery-tradzikowej.jpg\" \/>\n\t<meta property=\"og:image:width\" content=\"1000\" \/>\n\t<meta property=\"og:image:height\" content=\"1000\" \/>\n\t<meta property=\"og:image:type\" content=\"image\/jpeg\" \/>\n<meta name=\"twitter:card\" content=\"summary_large_image\" \/>\n<meta name=\"twitter:label1\" content=\"Estimated reading time\" \/>\n\t<meta name=\"twitter:data1\" content=\"4 minutes\" \/>\n<script type=\"application\/ld+json\" class=\"yoast-schema-graph\">{\"@context\":\"https:\/\/schema.org\",\"@graph\":[{\"@type\":\"WebPage\",\"@id\":\"https:\/\/dev1.jogapiekna.com\/produkt\/acne-stop-zel-do-ultradzwiekow-cera-tradzikowa-200-ml\/\",\"url\":\"https:\/\/dev1.jogapiekna.com\/produkt\/acne-stop-zel-do-ultradzwiekow-cera-tradzikowa-200-ml\/\",\"name\":\"ACNE-STOP \u017bel do ultrad\u017awi\u0119k\u00f3w dla cery tr\u0105dzikowej 200 ml\",\"isPartOf\":{\"@id\":\"https:\/\/dev1.jogapiekna.com\/#website\"},\"primaryImageOfPage\":{\"@id\":\"https:\/\/dev1.jogapiekna.com\/produkt\/acne-stop-zel-do-ultradzwiekow-cera-tradzikowa-200-ml\/#primaryimage\"},\"image\":{\"@id\":\"https:\/\/dev1.jogapiekna.com\/produkt\/acne-stop-zel-do-ultradzwiekow-cera-tradzikowa-200-ml\/#primaryimage\"},\"thumbnailUrl\":\"https:\/\/dev1.jogapiekna.com\/wp-content\/uploads\/2023\/04\/zel-do-ultradzwiekow-do-cery-tradzikowej.jpg\",\"datePublished\":\"2023-04-03T15:19:57+00:00\",\"dateModified\":\"2026-03-17T08:39:24+00:00\",\"description\":\"\u017bel do ultrad\u017awi\u0119k\u00f3w dla cery tr\u0105dzikowej zawiera ekstrakt z alg morskich i zielonej herbaty, kt\u00f3re g\u0142\u0119boko oczyszczaj\u0105 pory sk\u00f3ry, absorbuj\u0105 zanieczyszczenia i toksyny, \u0142agodz\u0105 stany zapalne.\",\"breadcrumb\":{\"@id\":\"https:\/\/dev1.jogapiekna.com\/produkt\/acne-stop-zel-do-ultradzwiekow-cera-tradzikowa-200-ml\/#breadcrumb\"},\"inLanguage\":\"en-GB\",\"potentialAction\":[{\"@type\":\"ReadAction\",\"target\":[\"https:\/\/dev1.jogapiekna.com\/produkt\/acne-stop-zel-do-ultradzwiekow-cera-tradzikowa-200-ml\/\"]}]},{\"@type\":\"ImageObject\",\"inLanguage\":\"en-GB\",\"@id\":\"https:\/\/dev1.jogapiekna.com\/produkt\/acne-stop-zel-do-ultradzwiekow-cera-tradzikowa-200-ml\/#primaryimage\",\"url\":\"https:\/\/dev1.jogapiekna.com\/wp-content\/uploads\/2023\/04\/zel-do-ultradzwiekow-do-cery-tradzikowej.jpg\",\"contentUrl\":\"https:\/\/dev1.jogapiekna.com\/wp-content\/uploads\/2023\/04\/zel-do-ultradzwiekow-do-cery-tradzikowej.jpg\",\"width\":1000,\"height\":1000,\"caption\":\"ACNE-STOP \u017bel do ultrad\u017awi\u0119k\u00f3w dla cery tr\u0105dzikowej \/ 200 ml\"},{\"@type\":\"BreadcrumbList\",\"@id\":\"https:\/\/dev1.jogapiekna.com\/produkt\/acne-stop-zel-do-ultradzwiekow-cera-tradzikowa-200-ml\/#breadcrumb\",\"itemListElement\":[{\"@type\":\"ListItem\",\"position\":1,\"name\":\"Strona g\u0142\u00f3wna\",\"item\":\"https:\/\/dev1.jogapiekna.com\/\"},{\"@type\":\"ListItem\",\"position\":2,\"name\":\"Sklep\",\"item\":\"https:\/\/dev1.jogapiekna.com\/sklep\/\"},{\"@type\":\"ListItem\",\"position\":3,\"name\":\"\u017bel do ultrad\u017awi\u0119k\u00f3w do cery tr\u0105dzikowej APIS ACNE STOP 200 ml\"}]},{\"@type\":\"WebSite\",\"@id\":\"https:\/\/dev1.jogapiekna.com\/#website\",\"url\":\"https:\/\/dev1.jogapiekna.com\/\",\"name\":\"Joga Pi\u0119kna Marta Kuci\u0144ska\",\"description\":\"Joga Pi\u0119kna pomaga kobietom zachowa\u0107 urod\u0119, cofn\u0105\u0107 oznaki up\u0142ywaj\u0105cego czasu i zm\u0119czenia, odzyska\u0107 promienny wygl\u0105d, naturalny u\u015bmiech i popraw\u0119 w\u0142asnej samooceny.\",\"publisher\":{\"@id\":\"https:\/\/dev1.jogapiekna.com\/#organization\"},\"potentialAction\":[{\"@type\":\"SearchAction\",\"target\":{\"@type\":\"EntryPoint\",\"urlTemplate\":\"https:\/\/dev1.jogapiekna.com\/?s={search_term_string}\"},\"query-input\":{\"@type\":\"PropertyValueSpecification\",\"valueRequired\":true,\"valueName\":\"search_term_string\"}}],\"inLanguage\":\"en-GB\"},{\"@type\":\"Organization\",\"@id\":\"https:\/\/dev1.jogapiekna.com\/#organization\",\"name\":\"Joga Pi\u0119kna Marta Kuci\u0144ska\",\"url\":\"https:\/\/dev1.jogapiekna.com\/\",\"logo\":{\"@type\":\"ImageObject\",\"inLanguage\":\"en-GB\",\"@id\":\"https:\/\/dev1.jogapiekna.com\/#\/schema\/logo\/image\/\",\"url\":\"https:\/\/dev1.jogapiekna.com\/wp-content\/uploads\/2022\/09\/joga-piekna-logo_Rka.png\",\"contentUrl\":\"https:\/\/dev1.jogapiekna.com\/wp-content\/uploads\/2022\/09\/joga-piekna-logo_Rka.png\",\"width\":231,\"height\":124,\"caption\":\"Joga Pi\u0119kna Marta Kuci\u0144ska\"},\"image\":{\"@id\":\"https:\/\/dev1.jogapiekna.com\/#\/schema\/logo\/image\/\"},\"sameAs\":[\"https:\/\/www.facebook.com\/JogaPieknaCom\/\",\"https:\/\/www.instagram.com\/jogapieknacom\/\"]}]}<\/script>\n<!-- \/ Yoast SEO plugin. -->","yoast_head_json":{"title":"ACNE-STOP \u017bel do ultrad\u017awi\u0119k\u00f3w dla cery tr\u0105dzikowej 200 ml","description":"\u017bel do ultrad\u017awi\u0119k\u00f3w dla cery tr\u0105dzikowej zawiera ekstrakt z alg morskich i zielonej herbaty, kt\u00f3re g\u0142\u0119boko oczyszczaj\u0105 pory sk\u00f3ry, absorbuj\u0105 zanieczyszczenia i toksyny, \u0142agodz\u0105 stany zapalne.","robots":{"index":"index","follow":"follow","max-snippet":"max-snippet:-1","max-image-preview":"max-image-preview:large","max-video-preview":"max-video-preview:-1"},"canonical":"https:\/\/dev1.jogapiekna.com\/en\/product\/acne-stop-zel-do-ultradzwiekow-cera-tradzikowa-200-ml\/","og_locale":"en_GB","og_type":"article","og_title":"ACNE-STOP \u017bel do ultrad\u017awi\u0119k\u00f3w dla cery tr\u0105dzikowej 200 ml","og_description":"\u017bel do ultrad\u017awi\u0119k\u00f3w dla cery tr\u0105dzikowej zawiera ekstrakt z alg morskich i zielonej herbaty, kt\u00f3re g\u0142\u0119boko oczyszczaj\u0105 pory sk\u00f3ry, absorbuj\u0105 zanieczyszczenia i toksyny, \u0142agodz\u0105 stany zapalne.","og_url":"https:\/\/dev1.jogapiekna.com\/en\/product\/acne-stop-zel-do-ultradzwiekow-cera-tradzikowa-200-ml\/","og_site_name":"JOGA PI\u0118KNA | Joga Twarzy","article_publisher":"https:\/\/www.facebook.com\/JogaPieknaCom\/","article_modified_time":"2026-03-17T08:39:24+00:00","og_image":[{"width":1000,"height":1000,"url":"https:\/\/dev1.jogapiekna.com\/wp-content\/uploads\/2023\/04\/zel-do-ultradzwiekow-do-cery-tradzikowej.jpg","type":"image\/jpeg"}],"twitter_card":"summary_large_image","twitter_misc":{"Estimated reading time":"4 minutes"},"schema":{"@context":"https:\/\/schema.org","@graph":[{"@type":"WebPage","@id":"https:\/\/dev1.jogapiekna.com\/produkt\/acne-stop-zel-do-ultradzwiekow-cera-tradzikowa-200-ml\/","url":"https:\/\/dev1.jogapiekna.com\/produkt\/acne-stop-zel-do-ultradzwiekow-cera-tradzikowa-200-ml\/","name":"ACNE-STOP \u017bel do ultrad\u017awi\u0119k\u00f3w dla cery tr\u0105dzikowej 200 ml","isPartOf":{"@id":"https:\/\/dev1.jogapiekna.com\/#website"},"primaryImageOfPage":{"@id":"https:\/\/dev1.jogapiekna.com\/produkt\/acne-stop-zel-do-ultradzwiekow-cera-tradzikowa-200-ml\/#primaryimage"},"image":{"@id":"https:\/\/dev1.jogapiekna.com\/produkt\/acne-stop-zel-do-ultradzwiekow-cera-tradzikowa-200-ml\/#primaryimage"},"thumbnailUrl":"https:\/\/dev1.jogapiekna.com\/wp-content\/uploads\/2023\/04\/zel-do-ultradzwiekow-do-cery-tradzikowej.jpg","datePublished":"2023-04-03T15:19:57+00:00","dateModified":"2026-03-17T08:39:24+00:00","description":"\u017bel do ultrad\u017awi\u0119k\u00f3w dla cery tr\u0105dzikowej zawiera ekstrakt z alg morskich i zielonej herbaty, kt\u00f3re g\u0142\u0119boko oczyszczaj\u0105 pory sk\u00f3ry, absorbuj\u0105 zanieczyszczenia i toksyny, \u0142agodz\u0105 stany zapalne.","breadcrumb":{"@id":"https:\/\/dev1.jogapiekna.com\/produkt\/acne-stop-zel-do-ultradzwiekow-cera-tradzikowa-200-ml\/#breadcrumb"},"inLanguage":"en-GB","potentialAction":[{"@type":"ReadAction","target":["https:\/\/dev1.jogapiekna.com\/produkt\/acne-stop-zel-do-ultradzwiekow-cera-tradzikowa-200-ml\/"]}]},{"@type":"ImageObject","inLanguage":"en-GB","@id":"https:\/\/dev1.jogapiekna.com\/produkt\/acne-stop-zel-do-ultradzwiekow-cera-tradzikowa-200-ml\/#primaryimage","url":"https:\/\/dev1.jogapiekna.com\/wp-content\/uploads\/2023\/04\/zel-do-ultradzwiekow-do-cery-tradzikowej.jpg","contentUrl":"https:\/\/dev1.jogapiekna.com\/wp-content\/uploads\/2023\/04\/zel-do-ultradzwiekow-do-cery-tradzikowej.jpg","width":1000,"height":1000,"caption":"ACNE-STOP \u017bel do ultrad\u017awi\u0119k\u00f3w dla cery tr\u0105dzikowej \/ 200 ml"},{"@type":"BreadcrumbList","@id":"https:\/\/dev1.jogapiekna.com\/produkt\/acne-stop-zel-do-ultradzwiekow-cera-tradzikowa-200-ml\/#breadcrumb","itemListElement":[{"@type":"ListItem","position":1,"name":"Strona g\u0142\u00f3wna","item":"https:\/\/dev1.jogapiekna.com\/"},{"@type":"ListItem","position":2,"name":"Sklep","item":"https:\/\/dev1.jogapiekna.com\/sklep\/"},{"@type":"ListItem","position":3,"name":"\u017bel do ultrad\u017awi\u0119k\u00f3w do cery tr\u0105dzikowej APIS ACNE STOP 200 ml"}]},{"@type":"WebSite","@id":"https:\/\/dev1.jogapiekna.com\/#website","url":"https:\/\/dev1.jogapiekna.com\/","name":"Yoga Beauty Marta Kuci\u0144ska","description":"Beauty Yoga helps women to maintain their beauty, reverse the signs of passing time and fatigue, regain a radiant appearance, natural smile and improve their self-esteem.","publisher":{"@id":"https:\/\/dev1.jogapiekna.com\/#organization"},"potentialAction":[{"@type":"SearchAction","target":{"@type":"EntryPoint","urlTemplate":"https:\/\/dev1.jogapiekna.com\/?s={search_term_string}"},"query-input":{"@type":"PropertyValueSpecification","valueRequired":true,"valueName":"search_term_string"}}],"inLanguage":"en-GB"},{"@type":"Organization","@id":"https:\/\/dev1.jogapiekna.com\/#organization","name":"Yoga Beauty Marta Kuci\u0144ska","url":"https:\/\/dev1.jogapiekna.com\/","logo":{"@type":"ImageObject","inLanguage":"en-GB","@id":"https:\/\/dev1.jogapiekna.com\/#\/schema\/logo\/image\/","url":"https:\/\/dev1.jogapiekna.com\/wp-content\/uploads\/2022\/09\/joga-piekna-logo_Rka.png","contentUrl":"https:\/\/dev1.jogapiekna.com\/wp-content\/uploads\/2022\/09\/joga-piekna-logo_Rka.png","width":231,"height":124,"caption":"Joga Pi\u0119kna Marta Kuci\u0144ska"},"image":{"@id":"https:\/\/dev1.jogapiekna.com\/#\/schema\/logo\/image\/"},"sameAs":["https:\/\/www.facebook.com\/JogaPieknaCom\/","https:\/\/www.instagram.com\/jogapieknacom\/"]}]}},"_links":{"self":[{"href":"https:\/\/dev1.jogapiekna.com\/en\/wp-json\/wp\/v2\/product\/119718","targetHints":{"allow":["GET"]}}],"collection":[{"href":"https:\/\/dev1.jogapiekna.com\/en\/wp-json\/wp\/v2\/product"}],"about":[{"href":"https:\/\/dev1.jogapiekna.com\/en\/wp-json\/wp\/v2\/types\/product"}],"replies":[{"embeddable":true,"href":"https:\/\/dev1.jogapiekna.com\/en\/wp-json\/wp\/v2\/comments?post=119718"}],"version-history":[{"count":2,"href":"https:\/\/dev1.jogapiekna.com\/en\/wp-json\/wp\/v2\/product\/119718\/revisions"}],"predecessor-version":[{"id":213645,"href":"https:\/\/dev1.jogapiekna.com\/en\/wp-json\/wp\/v2\/product\/119718\/revisions\/213645"}],"wp:featuredmedia":[{"embeddable":true,"href":"https:\/\/dev1.jogapiekna.com\/en\/wp-json\/wp\/v2\/media\/119719"}],"wp:attachment":[{"href":"https:\/\/dev1.jogapiekna.com\/en\/wp-json\/wp\/v2\/media?parent=119718"}],"wp:term":[{"taxonomy":"product_brand","embeddable":true,"href":"https:\/\/dev1.jogapiekna.com\/en\/wp-json\/wp\/v2\/product_brand?post=119718"},{"taxonomy":"product_cat","embeddable":true,"href":"https:\/\/dev1.jogapiekna.com\/en\/wp-json\/wp\/v2\/product_cat?post=119718"},{"taxonomy":"product_tag","embeddable":true,"href":"https:\/\/dev1.jogapiekna.com\/en\/wp-json\/wp\/v2\/product_tag?post=119718"}],"curies":[{"name":"wp","href":"https:\/\/api.w.org\/{rel}","templated":true}]}}