{"id":119711,"date":"2023-04-03T16:48:35","date_gmt":"2023-04-03T14:48:35","guid":{"rendered":"https:\/\/dev1.jogapiekna.com?post_type=product&#038;p=119711"},"modified":"2026-03-19T11:02:18","modified_gmt":"2026-03-19T10:02:18","slug":"lifting-peptide-apis-200ml","status":"publish","type":"product","link":"https:\/\/dev1.jogapiekna.com\/en\/product\/lifting-peptide-apis-200ml\/","title":{"rendered":"Ultrasonic lifting and tightening gel Apis LIFTING PEPTIDE 200 ml"},"content":{"rendered":"<p>Do you want to use ultrasound massage yourself-at home? You are the lucky owner of our <a href=\"https:\/\/dev1.jogapiekna.comprodukt\/wielofunkcyjny-masazer-liftingujacy\/\">multifunctional radiofrequency massager<\/a> and you wonder what kind of cosmetics to use during a massage?<\/p>\n<p>APIS lifting and tightening gel was created specifically for this type of treatment and massage. <strong>Makes the massager easier to operate<\/strong>, moisturizes the skin and takes care of its youth.<\/p>\n<p>&nbsp;<\/p>\n<h2>Properties of lifting and tightening gel APIS<\/h2>\n<ul>\n<li>APIS brand gel contains a unique <strong>active ingredient biomimetic neuropeptide SNAP-8 \u2122 peptide<\/strong>, which blocks the contraction of facial muscles and has a diastolic effect, that is, it has a close effect with botulinum toxin.<\/li>\n<li>Its formula is enriched with <strong>Coenzyme Q10<\/strong>which saturates the skin with oxygen and takes care of its tension.<\/li>\n<li>The composition also includes <strong>moisturizing hyaluronic acid<\/strong>, <strong>monoi oil<\/strong>which nourishes the skin, soothes and makes it easier to glide while the massager is running, as well as <strong>Cobiolift\u2122 from Quinoa seeds<\/strong>which is a natural ingredient for lifting and smoothing the skin.<\/li>\n<\/ul>\n<p>&nbsp;<\/p>\n<h3>APIS Lifting Gel Effect:<\/h3>\n<ul>\n<li>smoothes fine lines<\/li>\n<li>it has a diastolic effect on the muscles<\/li>\n<li>moisturizes the skin and prevents it from drying out<\/li>\n<li>restores the natural shine of the skin<\/li>\n<li>antioxidant effects<\/li>\n<li>smoothes the skin surface and evens out its tone<\/li>\n<li>it allows you to perform ultrasound, radiofrequency procedures, alcohol-free mesotherapy, as well as manual massage, such as gua sha<\/li>\n<\/ul>\n<p>&nbsp;<\/p>\n<h2>Why should APIS gel be used during ultrasound and radiofrequency procedures?<\/h2>\n<p>APIS gel during ultrasound and radiofrequency massage <strong>acts as a lubricant<\/strong>reducing friction between the head \/ heads of the device and the skin. This allows the massager to move more gently and comfortably over the surface of the skin. Without using the gel, the skin may be prone to irritation and redness due to friction.<\/p>\n<p>In addition, the gel <strong>it has conductive properties<\/strong>, which means that it allows ultrasonic and radio frequency waves to pass through. Smooth application of the drug to the skin facilitates the conduction of energy to the target tissue. Without the use of cosmetics, the air between the device heads and the skin can cause the reflection of an ultrasound wave or radio frequency current, which affects the treatment effects.<\/p>\n<p>&nbsp;<\/p>\n<h2>Why do I trust the brand APIs?<\/h2>\n<p>APIS NATURAL COSMETICS\u00ae to <strong>Poland cosmetics brand<\/strong> from Bydgoszcz, which has been on the market since 1988. It was created by Kristina Arkabovich, a biotechnologist with vast experience and passion for cosmetology.<\/p>\n<p>The basis for all products are <strong>ingredients of natural origin<\/strong> - plant extracts and extracts, precious oils and nourishing peptide complexes, vitamins and minerals. These are multi-purpose products, perfect for different facial needs.<\/p>\n<p>&nbsp;<\/p>\n<h2>Product composition<\/h2>\n<p>Aqua, Glycerin, Carbomer, Acetyl Octapeptide-3, Ubiquinone, Sodium Hyaluronate, Cocamidopropyl Betaine, Sodium Hydroxide, Benzyl Alcohol, Salicylic Acid, Sorbic Acid<\/p>\n<p>&nbsp;<\/p>\n<h2>How and when to use Gel APIS?<\/h2>\n<ul>\n<li>Apply a thick layer of gel to cleansed face, neck and decollete. Skip the area around the eyes and mouth.<\/li>\n<li>Apply the gel to the skin with light, straight movements over the muscles.<\/li>\n<\/ul>\n<p>The lifting and tightening gel is checked during <a href=\"https:\/\/dev1.jogapiekna.comprodukt\/wielofunkcyjny-masazer-liftingujacy\/\">performing massage using radio waves, EMS and LED light<\/a>as well as during manual facial massage, for example, using mineral tools <a href=\"https:\/\/dev1.jogapiekna.comkategoria-produktu\/akcesoria\/masaz-twarzy-i-szyi\/gua-sha-rollery\/\">GUA-SHA<\/a>.<\/p>","protected":false},"excerpt":{"rendered":"<p>Take care of the correct <strong>glide and elasticity of the skin during massage<\/strong> ultrasound, radio waves, and needle-free mesotherapy. APIS lifting and tightening gel was created for this very purpose to support the effectiveness and comfort of rejuvenating facial massages.<\/p>\n<p>It acts as an anti-wrinkle and firming agent, making it easier to get rid of wrinkles. <strong>free movement of the massager on the skin<\/strong>. It is designed for all skin types, with an emphasis on mature, dehydrated and requiring an immediate facelift.<\/p>","protected":false},"featured_media":119713,"comment_status":"closed","ping_status":"closed","template":"","meta":{"_acf_changed":false,"site-sidebar-layout":"default","site-content-layout":"","ast-site-content-layout":"default","site-content-style":"default","site-sidebar-style":"default","ast-global-header-display":"","ast-banner-title-visibility":"","ast-main-header-display":"","ast-hfb-above-header-display":"","ast-hfb-below-header-display":"","ast-hfb-mobile-header-display":"","site-post-title":"","ast-breadcrumbs-content":"","ast-featured-img":"","footer-sml-layout":"","ast-disable-related-posts":"","theme-transparent-header-meta":"default","adv-header-id-meta":"","stick-header-meta":"","header-above-stick-meta":"","header-main-stick-meta":"","header-below-stick-meta":"","astra-migrate-meta-layouts":"set","ast-page-background-enabled":"default","ast-page-background-meta":{"desktop":{"background-color":"var(--ast-global-color-5)","background-image":"","background-repeat":"repeat","background-position":"center center","background-size":"auto","background-attachment":"scroll","background-type":"","background-media":"","overlay-type":"","overlay-color":"","overlay-opacity":"","overlay-gradient":""},"tablet":{"background-color":"","background-image":"","background-repeat":"repeat","background-position":"center center","background-size":"auto","background-attachment":"scroll","background-type":"","background-media":"","overlay-type":"","overlay-color":"","overlay-opacity":"","overlay-gradient":""},"mobile":{"background-color":"","background-image":"","background-repeat":"repeat","background-position":"center center","background-size":"auto","background-attachment":"scroll","background-type":"","background-media":"","overlay-type":"","overlay-color":"","overlay-opacity":"","overlay-gradient":""}},"ast-content-background-meta":{"desktop":{"background-color":"var(--ast-global-color-4)","background-image":"","background-repeat":"repeat","background-position":"center center","background-size":"auto","background-attachment":"scroll","background-type":"","background-media":"","overlay-type":"","overlay-color":"","overlay-opacity":"","overlay-gradient":""},"tablet":{"background-color":"var(--ast-global-color-4)","background-image":"","background-repeat":"repeat","background-position":"center center","background-size":"auto","background-attachment":"scroll","background-type":"","background-media":"","overlay-type":"","overlay-color":"","overlay-opacity":"","overlay-gradient":""},"mobile":{"background-color":"var(--ast-global-color-4)","background-image":"","background-repeat":"repeat","background-position":"center center","background-size":"auto","background-attachment":"scroll","background-type":"","background-media":"","overlay-type":"","overlay-color":"","overlay-opacity":"","overlay-gradient":""}}},"product_brand":[],"product_cat":[331],"product_tag":[244,511,667],"class_list":{"0":"post-119711","1":"product","2":"type-product","3":"status-publish","4":"has-post-thumbnail","6":"product_cat-kosmetyki","7":"product_tag-holistyczna-pielegancja","8":"product_tag-lifting","9":"product_tag-zel-do-masazu","10":"desktop-align-left","11":"tablet-align-left","12":"mobile-align-left","14":"first","15":"instock","16":"taxable","17":"shipping-taxable","18":"purchasable","19":"product-type-simple"},"acf":[],"yoast_head":"<!-- This site is optimized with the Yoast SEO plugin v27.1.1 - https:\/\/yoast.com\/product\/yoast-seo-wordpress\/ -->\n<title>\u017bel do ultrad\u017awi\u0119k\u00f3w liftinguj\u0105co-napinaj\u0105cy APIS LIFTING PEPTIDE 200 ml<\/title>\n<meta name=\"description\" content=\"\u017bel przeznaczony do wykonywania ultrad\u017awi\u0119k\u00f3w, fal radiowych oraz mezoterapii bezig\u0142owej. Zawiera biomimetyczny neuropeptyd SNAP-8\u2122 peptide, kt\u00f3ry blokuje skurcze mi\u0119\u015bni mimicznych i jest alternatyw\u0105 do toksyny botulinowej.\" \/>\n<meta name=\"robots\" content=\"index, follow, max-snippet:-1, max-image-preview:large, max-video-preview:-1\" \/>\n<link rel=\"canonical\" href=\"https:\/\/dev1.jogapiekna.com\/en\/product\/lifting-peptide-apis-200ml\/\" \/>\n<meta property=\"og:locale\" content=\"en_GB\" \/>\n<meta property=\"og:type\" content=\"article\" \/>\n<meta property=\"og:title\" content=\"\u017bel do ultrad\u017awi\u0119k\u00f3w liftinguj\u0105co-napinaj\u0105cy APIS LIFTING PEPTIDE 200 ml\" \/>\n<meta property=\"og:description\" content=\"\u017bel przeznaczony do wykonywania ultrad\u017awi\u0119k\u00f3w, fal radiowych oraz mezoterapii bezig\u0142owej. Zawiera biomimetyczny neuropeptyd SNAP-8\u2122 peptide, kt\u00f3ry blokuje skurcze mi\u0119\u015bni mimicznych i jest alternatyw\u0105 do toksyny botulinowej.\" \/>\n<meta property=\"og:url\" content=\"https:\/\/dev1.jogapiekna.com\/en\/product\/lifting-peptide-apis-200ml\/\" \/>\n<meta property=\"og:site_name\" content=\"JOGA PI\u0118KNA | Joga Twarzy\" \/>\n<meta property=\"article:publisher\" content=\"https:\/\/www.facebook.com\/JogaPieknaCom\/\" \/>\n<meta property=\"article:modified_time\" content=\"2026-03-19T10:02:18+00:00\" \/>\n<meta property=\"og:image\" content=\"https:\/\/dev1.jogapiekna.com\/wp-content\/uploads\/2023\/04\/lifting-peptide-apis_01.jpg\" \/>\n\t<meta property=\"og:image:width\" content=\"1000\" \/>\n\t<meta property=\"og:image:height\" content=\"1000\" \/>\n\t<meta property=\"og:image:type\" content=\"image\/jpeg\" \/>\n<meta name=\"twitter:card\" content=\"summary_large_image\" \/>\n<meta name=\"twitter:label1\" content=\"Estimated reading time\" \/>\n\t<meta name=\"twitter:data1\" content=\"3 minutes\" \/>\n<script type=\"application\/ld+json\" class=\"yoast-schema-graph\">{\"@context\":\"https:\/\/schema.org\",\"@graph\":[{\"@type\":\"WebPage\",\"@id\":\"https:\/\/dev1.jogapiekna.com\/produkt\/lifting-peptide-apis-200ml\/\",\"url\":\"https:\/\/dev1.jogapiekna.com\/produkt\/lifting-peptide-apis-200ml\/\",\"name\":\"\u017bel do ultrad\u017awi\u0119k\u00f3w liftinguj\u0105co-napinaj\u0105cy APIS LIFTING PEPTIDE 200 ml\",\"isPartOf\":{\"@id\":\"https:\/\/dev1.jogapiekna.com\/#website\"},\"primaryImageOfPage\":{\"@id\":\"https:\/\/dev1.jogapiekna.com\/produkt\/lifting-peptide-apis-200ml\/#primaryimage\"},\"image\":{\"@id\":\"https:\/\/dev1.jogapiekna.com\/produkt\/lifting-peptide-apis-200ml\/#primaryimage\"},\"thumbnailUrl\":\"https:\/\/dev1.jogapiekna.com\/wp-content\/uploads\/2023\/04\/lifting-peptide-apis_01.jpg\",\"datePublished\":\"2023-04-03T14:48:35+00:00\",\"dateModified\":\"2026-03-19T10:02:18+00:00\",\"description\":\"\u017bel przeznaczony do wykonywania ultrad\u017awi\u0119k\u00f3w, fal radiowych oraz mezoterapii bezig\u0142owej. Zawiera biomimetyczny neuropeptyd SNAP-8\u2122 peptide, kt\u00f3ry blokuje skurcze mi\u0119\u015bni mimicznych i jest alternatyw\u0105 do toksyny botulinowej.\",\"breadcrumb\":{\"@id\":\"https:\/\/dev1.jogapiekna.com\/produkt\/lifting-peptide-apis-200ml\/#breadcrumb\"},\"inLanguage\":\"en-GB\",\"potentialAction\":[{\"@type\":\"ReadAction\",\"target\":[\"https:\/\/dev1.jogapiekna.com\/produkt\/lifting-peptide-apis-200ml\/\"]}]},{\"@type\":\"ImageObject\",\"inLanguage\":\"en-GB\",\"@id\":\"https:\/\/dev1.jogapiekna.com\/produkt\/lifting-peptide-apis-200ml\/#primaryimage\",\"url\":\"https:\/\/dev1.jogapiekna.com\/wp-content\/uploads\/2023\/04\/lifting-peptide-apis_01.jpg\",\"contentUrl\":\"https:\/\/dev1.jogapiekna.com\/wp-content\/uploads\/2023\/04\/lifting-peptide-apis_01.jpg\",\"width\":1000,\"height\":1000,\"caption\":\"\u017bel do ultrad\u017awi\u0119k\u00f3w liftinguj\u0105co-napinaj\u0105cy z SNAP-8\u2122 peptide\"},{\"@type\":\"BreadcrumbList\",\"@id\":\"https:\/\/dev1.jogapiekna.com\/produkt\/lifting-peptide-apis-200ml\/#breadcrumb\",\"itemListElement\":[{\"@type\":\"ListItem\",\"position\":1,\"name\":\"Strona g\u0142\u00f3wna\",\"item\":\"https:\/\/dev1.jogapiekna.com\/\"},{\"@type\":\"ListItem\",\"position\":2,\"name\":\"Sklep\",\"item\":\"https:\/\/dev1.jogapiekna.com\/sklep\/\"},{\"@type\":\"ListItem\",\"position\":3,\"name\":\"\u017bel do ultrad\u017awi\u0119k\u00f3w liftinguj\u0105co-napinaj\u0105cy APIS LIFTING PEPTIDE 200 ml\"}]},{\"@type\":\"WebSite\",\"@id\":\"https:\/\/dev1.jogapiekna.com\/#website\",\"url\":\"https:\/\/dev1.jogapiekna.com\/\",\"name\":\"Joga Pi\u0119kna Marta Kuci\u0144ska\",\"description\":\"Joga Pi\u0119kna pomaga kobietom zachowa\u0107 urod\u0119, cofn\u0105\u0107 oznaki up\u0142ywaj\u0105cego czasu i zm\u0119czenia, odzyska\u0107 promienny wygl\u0105d, naturalny u\u015bmiech i popraw\u0119 w\u0142asnej samooceny.\",\"publisher\":{\"@id\":\"https:\/\/dev1.jogapiekna.com\/#organization\"},\"potentialAction\":[{\"@type\":\"SearchAction\",\"target\":{\"@type\":\"EntryPoint\",\"urlTemplate\":\"https:\/\/dev1.jogapiekna.com\/?s={search_term_string}\"},\"query-input\":{\"@type\":\"PropertyValueSpecification\",\"valueRequired\":true,\"valueName\":\"search_term_string\"}}],\"inLanguage\":\"en-GB\"},{\"@type\":\"Organization\",\"@id\":\"https:\/\/dev1.jogapiekna.com\/#organization\",\"name\":\"Joga Pi\u0119kna Marta Kuci\u0144ska\",\"url\":\"https:\/\/dev1.jogapiekna.com\/\",\"logo\":{\"@type\":\"ImageObject\",\"inLanguage\":\"en-GB\",\"@id\":\"https:\/\/dev1.jogapiekna.com\/#\/schema\/logo\/image\/\",\"url\":\"https:\/\/dev1.jogapiekna.com\/wp-content\/uploads\/2022\/09\/joga-piekna-logo_Rka.png\",\"contentUrl\":\"https:\/\/dev1.jogapiekna.com\/wp-content\/uploads\/2022\/09\/joga-piekna-logo_Rka.png\",\"width\":231,\"height\":124,\"caption\":\"Joga Pi\u0119kna Marta Kuci\u0144ska\"},\"image\":{\"@id\":\"https:\/\/dev1.jogapiekna.com\/#\/schema\/logo\/image\/\"},\"sameAs\":[\"https:\/\/www.facebook.com\/JogaPieknaCom\/\",\"https:\/\/www.instagram.com\/jogapieknacom\/\"]}]}<\/script>\n<!-- \/ Yoast SEO plugin. -->","yoast_head_json":{"title":"Ultrasonic lifting and tightening gel Apis LIFTING PEPTIDE 200 ml","description":"\u017bel przeznaczony do wykonywania ultrad\u017awi\u0119k\u00f3w, fal radiowych oraz mezoterapii bezig\u0142owej. Zawiera biomimetyczny neuropeptyd SNAP-8\u2122 peptide, kt\u00f3ry blokuje skurcze mi\u0119\u015bni mimicznych i jest alternatyw\u0105 do toksyny botulinowej.","robots":{"index":"index","follow":"follow","max-snippet":"max-snippet:-1","max-image-preview":"max-image-preview:large","max-video-preview":"max-video-preview:-1"},"canonical":"https:\/\/dev1.jogapiekna.com\/en\/product\/lifting-peptide-apis-200ml\/","og_locale":"en_GB","og_type":"article","og_title":"\u017bel do ultrad\u017awi\u0119k\u00f3w liftinguj\u0105co-napinaj\u0105cy APIS LIFTING PEPTIDE 200 ml","og_description":"\u017bel przeznaczony do wykonywania ultrad\u017awi\u0119k\u00f3w, fal radiowych oraz mezoterapii bezig\u0142owej. Zawiera biomimetyczny neuropeptyd SNAP-8\u2122 peptide, kt\u00f3ry blokuje skurcze mi\u0119\u015bni mimicznych i jest alternatyw\u0105 do toksyny botulinowej.","og_url":"https:\/\/dev1.jogapiekna.com\/en\/product\/lifting-peptide-apis-200ml\/","og_site_name":"JOGA PI\u0118KNA | Joga Twarzy","article_publisher":"https:\/\/www.facebook.com\/JogaPieknaCom\/","article_modified_time":"2026-03-19T10:02:18+00:00","og_image":[{"width":1000,"height":1000,"url":"https:\/\/dev1.jogapiekna.com\/wp-content\/uploads\/2023\/04\/lifting-peptide-apis_01.jpg","type":"image\/jpeg"}],"twitter_card":"summary_large_image","twitter_misc":{"Estimated reading time":"3 minutes"},"schema":{"@context":"https:\/\/schema.org","@graph":[{"@type":"WebPage","@id":"https:\/\/dev1.jogapiekna.com\/produkt\/lifting-peptide-apis-200ml\/","url":"https:\/\/dev1.jogapiekna.com\/produkt\/lifting-peptide-apis-200ml\/","name":"Ultrasonic lifting and tightening gel Apis LIFTING PEPTIDE 200 ml","isPartOf":{"@id":"https:\/\/dev1.jogapiekna.com\/#website"},"primaryImageOfPage":{"@id":"https:\/\/dev1.jogapiekna.com\/produkt\/lifting-peptide-apis-200ml\/#primaryimage"},"image":{"@id":"https:\/\/dev1.jogapiekna.com\/produkt\/lifting-peptide-apis-200ml\/#primaryimage"},"thumbnailUrl":"https:\/\/dev1.jogapiekna.com\/wp-content\/uploads\/2023\/04\/lifting-peptide-apis_01.jpg","datePublished":"2023-04-03T14:48:35+00:00","dateModified":"2026-03-19T10:02:18+00:00","description":"\u017bel przeznaczony do wykonywania ultrad\u017awi\u0119k\u00f3w, fal radiowych oraz mezoterapii bezig\u0142owej. Zawiera biomimetyczny neuropeptyd SNAP-8\u2122 peptide, kt\u00f3ry blokuje skurcze mi\u0119\u015bni mimicznych i jest alternatyw\u0105 do toksyny botulinowej.","breadcrumb":{"@id":"https:\/\/dev1.jogapiekna.com\/produkt\/lifting-peptide-apis-200ml\/#breadcrumb"},"inLanguage":"en-GB","potentialAction":[{"@type":"ReadAction","target":["https:\/\/dev1.jogapiekna.com\/produkt\/lifting-peptide-apis-200ml\/"]}]},{"@type":"ImageObject","inLanguage":"en-GB","@id":"https:\/\/dev1.jogapiekna.com\/produkt\/lifting-peptide-apis-200ml\/#primaryimage","url":"https:\/\/dev1.jogapiekna.com\/wp-content\/uploads\/2023\/04\/lifting-peptide-apis_01.jpg","contentUrl":"https:\/\/dev1.jogapiekna.com\/wp-content\/uploads\/2023\/04\/lifting-peptide-apis_01.jpg","width":1000,"height":1000,"caption":"\u017bel do ultrad\u017awi\u0119k\u00f3w liftinguj\u0105co-napinaj\u0105cy z SNAP-8\u2122 peptide"},{"@type":"BreadcrumbList","@id":"https:\/\/dev1.jogapiekna.com\/produkt\/lifting-peptide-apis-200ml\/#breadcrumb","itemListElement":[{"@type":"ListItem","position":1,"name":"Strona g\u0142\u00f3wna","item":"https:\/\/dev1.jogapiekna.com\/"},{"@type":"ListItem","position":2,"name":"Sklep","item":"https:\/\/dev1.jogapiekna.com\/sklep\/"},{"@type":"ListItem","position":3,"name":"\u017bel do ultrad\u017awi\u0119k\u00f3w liftinguj\u0105co-napinaj\u0105cy APIS LIFTING PEPTIDE 200 ml"}]},{"@type":"WebSite","@id":"https:\/\/dev1.jogapiekna.com\/#website","url":"https:\/\/dev1.jogapiekna.com\/","name":"Yoga Beauty Marta Kuci\u0144ska","description":"Beauty Yoga helps women to maintain their beauty, reverse the signs of passing time and fatigue, regain a radiant appearance, natural smile and improve their self-esteem.","publisher":{"@id":"https:\/\/dev1.jogapiekna.com\/#organization"},"potentialAction":[{"@type":"SearchAction","target":{"@type":"EntryPoint","urlTemplate":"https:\/\/dev1.jogapiekna.com\/?s={search_term_string}"},"query-input":{"@type":"PropertyValueSpecification","valueRequired":true,"valueName":"search_term_string"}}],"inLanguage":"en-GB"},{"@type":"Organization","@id":"https:\/\/dev1.jogapiekna.com\/#organization","name":"Yoga Beauty Marta Kuci\u0144ska","url":"https:\/\/dev1.jogapiekna.com\/","logo":{"@type":"ImageObject","inLanguage":"en-GB","@id":"https:\/\/dev1.jogapiekna.com\/#\/schema\/logo\/image\/","url":"https:\/\/dev1.jogapiekna.com\/wp-content\/uploads\/2022\/09\/joga-piekna-logo_Rka.png","contentUrl":"https:\/\/dev1.jogapiekna.com\/wp-content\/uploads\/2022\/09\/joga-piekna-logo_Rka.png","width":231,"height":124,"caption":"Joga Pi\u0119kna Marta Kuci\u0144ska"},"image":{"@id":"https:\/\/dev1.jogapiekna.com\/#\/schema\/logo\/image\/"},"sameAs":["https:\/\/www.facebook.com\/JogaPieknaCom\/","https:\/\/www.instagram.com\/jogapieknacom\/"]}]}},"_links":{"self":[{"href":"https:\/\/dev1.jogapiekna.com\/en\/wp-json\/wp\/v2\/product\/119711","targetHints":{"allow":["GET"]}}],"collection":[{"href":"https:\/\/dev1.jogapiekna.com\/en\/wp-json\/wp\/v2\/product"}],"about":[{"href":"https:\/\/dev1.jogapiekna.com\/en\/wp-json\/wp\/v2\/types\/product"}],"replies":[{"embeddable":true,"href":"https:\/\/dev1.jogapiekna.com\/en\/wp-json\/wp\/v2\/comments?post=119711"}],"version-history":[{"count":3,"href":"https:\/\/dev1.jogapiekna.com\/en\/wp-json\/wp\/v2\/product\/119711\/revisions"}],"predecessor-version":[{"id":215333,"href":"https:\/\/dev1.jogapiekna.com\/en\/wp-json\/wp\/v2\/product\/119711\/revisions\/215333"}],"wp:featuredmedia":[{"embeddable":true,"href":"https:\/\/dev1.jogapiekna.com\/en\/wp-json\/wp\/v2\/media\/119713"}],"wp:attachment":[{"href":"https:\/\/dev1.jogapiekna.com\/en\/wp-json\/wp\/v2\/media?parent=119711"}],"wp:term":[{"taxonomy":"product_brand","embeddable":true,"href":"https:\/\/dev1.jogapiekna.com\/en\/wp-json\/wp\/v2\/product_brand?post=119711"},{"taxonomy":"product_cat","embeddable":true,"href":"https:\/\/dev1.jogapiekna.com\/en\/wp-json\/wp\/v2\/product_cat?post=119711"},{"taxonomy":"product_tag","embeddable":true,"href":"https:\/\/dev1.jogapiekna.com\/en\/wp-json\/wp\/v2\/product_tag?post=119711"}],"curies":[{"name":"wp","href":"https:\/\/api.w.org\/{rel}","templated":true}]}}