{"id":116192,"date":"2023-03-01T16:23:29","date_gmt":"2023-03-01T15:23:29","guid":{"rendered":"https:\/\/dev1.jogapiekna.com?post_type=product&#038;p=116192"},"modified":"2026-03-11T16:34:41","modified_gmt":"2026-03-11T15:34:41","slug":"tasma-do-kinesiotapingu-classic-curetape5cm","status":"publish","type":"product","link":"https:\/\/dev1.jogapiekna.com\/en\/product\/tasma-do-kinesiotapingu-classic-curetape5cm\/","title":{"rendered":"Classic kinesiotaping tape - Cure Tape 5 cm x 5 m"},"content":{"rendered":"<p>Are you looking for high-quality kinesiotaping patches to take care of your muscles, joints and better blood and lymph circulation? You are in the right place! <strong>CureTape Classic kinesiotape<\/strong> is a premium elastic patch for dynamic body or facial tapping.<\/p>\n<p>The tape is <strong>medical device<\/strong>, has the necessary <strong>quality certificates<\/strong>so that it can be used by professionals: physiotherapists, manual therapists, osteopaths, cosmetologists, podiatrists, speech therapists and specialists using elastic bands to treat musculo-fascial or functional dysfunctions.<\/p>\n<p>Professional <strong>Cure Tape Classic taping plaster<\/strong> can be used during taping carried out according to the MTC (Medical Taping Concept), developed by the Dutch taping instructor Harry Pijnappel.<\/p>\n<p>However, that's not all! At Yoga Beauty, we also love Tape for its aesthetic benefits! You can also use the tapes during kinesiotaping, the aim of which is to smooth wrinkles, firm the skin and improve the condition and tone of the complexion.<\/p>\n<p>&nbsp;<\/p>\n<h2>Benefits of kinesiotaping<\/h2>\n<p>&nbsp;<\/p>\n<h3>Improving the condition of the skin<\/h3>\n<p>Application of the tapes to the face and neck (in the right way, of course) reduces the appearance of wrinkles, firms the skin, reduces puffiness and improves the complexion, restoring a youthful appearance.<\/p>\n<h3>Reduction of pain<\/h3>\n<p>Using kinesiotaping tape can help reduce muscle and joint pain by improving blood and lymph flow, as well as reducing muscle tension and improving joint stability.<\/p>\n<h3>Improving range of motion<\/h3>\n<p>Kinesiotaping patches can help improve joint range of motion by increasing muscle flexibility and improving joint stability.<\/p>\n<h3>Improving performance<\/h3>\n<p>By stabilising the joints and reducing the risk of injury, the use of tappers can increase the body's physical performance, which contributes to better wellbeing and fitness.<\/p>\n<h3>Reduction of swelling<\/h3>\n<p>Kinesiotaping is a fantastic method of reducing swelling and improving blood flow, which has an impact on the daily appearance of the face and the well-being of the skin.<\/p>\n<h3>Improving posture<\/h3>\n<p>Using kinesiotaping tapes around the neck and shoulders improves muscle balance, which directly influences correct posture.<\/p>\n<p>&nbsp;<\/p>\n<h2>Why Cure Tape?<\/h2>\n<ul>\n<li>Cure Tape is an internationally renowned and respected Korean company that specialises in the production of skin-friendly, anti-allergenic tapes for taping.<\/li>\n<li>Cure Tape Classic kinesiotaping tape has the T\u00dcV quality mark. It is manufactured in an ISO-13485\/9001 certified factory.<\/li>\n<li>The product is registered in medical class 1. Meets all European and international requirements for medical quality.<\/li>\n<\/ul>\n<p>&nbsp;<\/p>\n<h2>How to use kinesiotaping tape?<\/h2>\n<ul>\n<li>Thoroughly clean the skin and disinfect the area to be tanned before applying the tape.<\/li>\n<li>Once the skin has been properly prepared, you can measure out the amount of tape needed and cut out the appropriate shape, such as a 'V'.<\/li>\n<li>It is important to use sharp and precise <a href=\"https:\/\/dev1.jogapiekna.comprodukt\/cure-tape-nozyczki-do-kinesiotapingu-soft-touching\/\" target=\"_blank\" rel=\"noopener\">Tape scissors<\/a>. This will avoid fraying of the tape.<\/li>\n<li>Then, apply the beginning of the tape to the skin without stretching it. This is known as the base. In the next step, stretch the tape to the right tension according to the application plan. Then stick the other end of the tape on.<\/li>\n<li>To fix the application on the skin, rub the taped-on tejp for a while.<\/li>\n<\/ul>\n<p>&nbsp;<\/p>\n<h3>How to apply facial kinesiotaping tape?<\/h3>\n<p>There are at least a few techniques and these should be tailored to individual aesthetic needs. To learn how to apply facial taping plasters, take the course <a href=\"https:\/\/dev1.jogapiekna.comprodukt\/kinesiotaping-estetyczny-z-joga-piekna-kurs-online\/\" target=\"_blank\" rel=\"noopener\">Online Aesthetic Kinesiotaping with Yoga Beauty<\/a>.<\/p>\n<p>&nbsp;<\/p>\n<h3>Not sure if this is the tape for you? Watch this video to help you choose the right tape for your needs.<\/h3>\n<p><iframe title=\"YouTube video player\" src=\"https:\/\/www.youtube.com\/embed\/7ixJzLuXMGE\" width=\"800\" height=\"450\" frameborder=\"0\" allowfullscreen=\"allowfullscreen\"><\/iframe><\/p>","protected":false},"excerpt":{"rendered":"<p>Use classic kinesiotaping tape to reduce swelling, reduce muscle tension or improve blood and lymph circulation. The Classic Cure Tape patch has a multitude of health-promoting and aesthetic applications. It is waterproof, hypoallergenic and has all the necessary certifications: CE mark, TUV and Rheinland.<\/p>\n<p><strong>Belt width:<\/strong> 5 cm<br \/>\n<strong>Belt length:<\/strong> 5 metres<br \/>\n<strong>Colours:<\/strong> beige (flesh-coloured), pink<br \/>\n<strong>Material:<\/strong> natural cotton, acrylic adhesive (hypoallergenic)<\/p>","protected":false},"featured_media":116199,"comment_status":"closed","ping_status":"closed","template":"","meta":{"_acf_changed":false,"site-sidebar-layout":"default","site-content-layout":"","ast-site-content-layout":"default","site-content-style":"default","site-sidebar-style":"default","ast-global-header-display":"","ast-banner-title-visibility":"","ast-main-header-display":"","ast-hfb-above-header-display":"","ast-hfb-below-header-display":"","ast-hfb-mobile-header-display":"","site-post-title":"","ast-breadcrumbs-content":"","ast-featured-img":"","footer-sml-layout":"","ast-disable-related-posts":"","theme-transparent-header-meta":"default","adv-header-id-meta":"","stick-header-meta":"","header-above-stick-meta":"","header-main-stick-meta":"","header-below-stick-meta":"","astra-migrate-meta-layouts":"set","ast-page-background-enabled":"default","ast-page-background-meta":{"desktop":{"background-color":"var(--ast-global-color-5)","background-image":"","background-repeat":"repeat","background-position":"center center","background-size":"auto","background-attachment":"scroll","background-type":"","background-media":"","overlay-type":"","overlay-color":"","overlay-opacity":"","overlay-gradient":""},"tablet":{"background-color":"","background-image":"","background-repeat":"repeat","background-position":"center center","background-size":"auto","background-attachment":"scroll","background-type":"","background-media":"","overlay-type":"","overlay-color":"","overlay-opacity":"","overlay-gradient":""},"mobile":{"background-color":"","background-image":"","background-repeat":"repeat","background-position":"center center","background-size":"auto","background-attachment":"scroll","background-type":"","background-media":"","overlay-type":"","overlay-color":"","overlay-opacity":"","overlay-gradient":""}},"ast-content-background-meta":{"desktop":{"background-color":"var(--ast-global-color-4)","background-image":"","background-repeat":"repeat","background-position":"center center","background-size":"auto","background-attachment":"scroll","background-type":"","background-media":"","overlay-type":"","overlay-color":"","overlay-opacity":"","overlay-gradient":""},"tablet":{"background-color":"var(--ast-global-color-4)","background-image":"","background-repeat":"repeat","background-position":"center center","background-size":"auto","background-attachment":"scroll","background-type":"","background-media":"","overlay-type":"","overlay-color":"","overlay-opacity":"","overlay-gradient":""},"mobile":{"background-color":"var(--ast-global-color-4)","background-image":"","background-repeat":"repeat","background-position":"center center","background-size":"auto","background-attachment":"scroll","background-type":"","background-media":"","overlay-type":"","overlay-color":"","overlay-opacity":"","overlay-gradient":""}}},"product_brand":[],"product_cat":[21,621],"product_tag":[235,234],"class_list":{"0":"post-116192","1":"product","2":"type-product","3":"status-publish","4":"has-post-thumbnail","6":"product_cat-akcesoria","7":"product_cat-kinesiotaping-estetyczny","8":"product_tag-kinesiotaping","9":"product_tag-tasma","10":"desktop-align-left","11":"tablet-align-left","12":"mobile-align-left","14":"first","15":"instock","16":"featured","17":"taxable","18":"shipping-taxable","19":"purchasable","20":"product-type-variable"},"acf":[],"yoast_head":"<!-- This site is optimized with the Yoast SEO plugin v27.1.1 - https:\/\/yoast.com\/product\/yoast-seo-wordpress\/ -->\n<title>Ta\u015bma do kinesiotapingu Classic \u2022 Cure Tape 5 cm x 5 m |<\/title>\n<meta name=\"description\" content=\"U\u017cyj klasycznej ta\u015bmy do kinesiotapingu, aby zmniejszy\u0107 obrz\u0119ki, zredukowa\u0107 napi\u0119cie mi\u0119\u015bni lub poprawi\u0107 kr\u0105\u017cenie krwi oraz limfy. Plaster Classic Cure Tape ma ogrom zastosowa\u0144 prozdrowotnych i estetycznych.\" \/>\n<meta name=\"robots\" content=\"index, follow, max-snippet:-1, max-image-preview:large, max-video-preview:-1\" \/>\n<link rel=\"canonical\" href=\"https:\/\/dev1.jogapiekna.com\/en\/product\/tasma-do-kinesiotapingu-classic-curetape5cm\/\" \/>\n<meta property=\"og:locale\" content=\"en_GB\" \/>\n<meta property=\"og:type\" content=\"article\" \/>\n<meta property=\"og:title\" content=\"Ta\u015bma do kinesiotapingu Classic \u2022 Cure Tape 5 cm x 5 m |\" \/>\n<meta property=\"og:description\" content=\"U\u017cyj klasycznej ta\u015bmy do kinesiotapingu, aby zmniejszy\u0107 obrz\u0119ki, zredukowa\u0107 napi\u0119cie mi\u0119\u015bni lub poprawi\u0107 kr\u0105\u017cenie krwi oraz limfy. Plaster Classic Cure Tape ma ogrom zastosowa\u0144 prozdrowotnych i estetycznych.\" \/>\n<meta property=\"og:url\" content=\"https:\/\/dev1.jogapiekna.com\/en\/product\/tasma-do-kinesiotapingu-classic-curetape5cm\/\" \/>\n<meta property=\"og:site_name\" content=\"JOGA PI\u0118KNA | Joga Twarzy\" \/>\n<meta property=\"article:publisher\" content=\"https:\/\/www.facebook.com\/JogaPieknaCom\/\" \/>\n<meta property=\"article:modified_time\" content=\"2026-03-11T15:34:41+00:00\" \/>\n<meta property=\"og:image\" content=\"https:\/\/dev1.jogapiekna.com\/wp-content\/uploads\/2023\/03\/Tasma-do-kinesiotapingu-CuteTape5cm.jpg\" \/>\n\t<meta property=\"og:image:width\" content=\"1000\" \/>\n\t<meta property=\"og:image:height\" content=\"1000\" \/>\n\t<meta property=\"og:image:type\" content=\"image\/jpeg\" \/>\n<meta name=\"twitter:card\" content=\"summary_large_image\" \/>\n<meta name=\"twitter:label1\" content=\"Estimated reading time\" \/>\n\t<meta name=\"twitter:data1\" content=\"4 minutes\" \/>\n<script type=\"application\/ld+json\" class=\"yoast-schema-graph\">{\"@context\":\"https:\/\/schema.org\",\"@graph\":[{\"@type\":\"WebPage\",\"@id\":\"https:\/\/dev1.jogapiekna.com\/en\/product\/tasma-do-kinesiotapingu-classic-curetape5cm\/\",\"url\":\"https:\/\/dev1.jogapiekna.com\/en\/product\/tasma-do-kinesiotapingu-classic-curetape5cm\/\",\"name\":\"Ta\u015bma do kinesiotapingu Classic \u2022 Cure Tape 5 cm x 5 m |\",\"isPartOf\":{\"@id\":\"https:\/\/dev1.jogapiekna.com\/#website\"},\"primaryImageOfPage\":{\"@id\":\"https:\/\/dev1.jogapiekna.com\/en\/product\/tasma-do-kinesiotapingu-classic-curetape5cm\/#primaryimage\"},\"image\":{\"@id\":\"https:\/\/dev1.jogapiekna.com\/en\/product\/tasma-do-kinesiotapingu-classic-curetape5cm\/#primaryimage\"},\"thumbnailUrl\":\"https:\/\/dev1.jogapiekna.com\/wp-content\/uploads\/2023\/03\/Tasma-do-kinesiotapingu-CuteTape5cm.jpg\",\"datePublished\":\"2023-03-01T15:23:29+00:00\",\"dateModified\":\"2026-03-11T15:34:41+00:00\",\"description\":\"U\u017cyj klasycznej ta\u015bmy do kinesiotapingu, aby zmniejszy\u0107 obrz\u0119ki, zredukowa\u0107 napi\u0119cie mi\u0119\u015bni lub poprawi\u0107 kr\u0105\u017cenie krwi oraz limfy. Plaster Classic Cure Tape ma ogrom zastosowa\u0144 prozdrowotnych i estetycznych.\",\"breadcrumb\":{\"@id\":\"https:\/\/dev1.jogapiekna.com\/en\/product\/tasma-do-kinesiotapingu-classic-curetape5cm\/#breadcrumb\"},\"inLanguage\":\"en-GB\",\"potentialAction\":[{\"@type\":\"ReadAction\",\"target\":[\"https:\/\/dev1.jogapiekna.com\/en\/product\/tasma-do-kinesiotapingu-classic-curetape5cm\/\"]}]},{\"@type\":\"ImageObject\",\"inLanguage\":\"en-GB\",\"@id\":\"https:\/\/dev1.jogapiekna.com\/en\/product\/tasma-do-kinesiotapingu-classic-curetape5cm\/#primaryimage\",\"url\":\"https:\/\/dev1.jogapiekna.com\/wp-content\/uploads\/2023\/03\/Tasma-do-kinesiotapingu-CuteTape5cm.jpg\",\"contentUrl\":\"https:\/\/dev1.jogapiekna.com\/wp-content\/uploads\/2023\/03\/Tasma-do-kinesiotapingu-CuteTape5cm.jpg\",\"width\":1000,\"height\":1000,\"caption\":\"Ta\u015bma do kinesiotapingu estetycznego twarzy Cure Tape 5cm\"},{\"@type\":\"BreadcrumbList\",\"@id\":\"https:\/\/dev1.jogapiekna.com\/en\/product\/tasma-do-kinesiotapingu-classic-curetape5cm\/#breadcrumb\",\"itemListElement\":[{\"@type\":\"ListItem\",\"position\":1,\"name\":\"Strona g\u0142\u00f3wna\",\"item\":\"https:\/\/dev1.jogapiekna.com\/\"},{\"@type\":\"ListItem\",\"position\":2,\"name\":\"Sklep\",\"item\":\"https:\/\/dev1.jogapiekna.com\/sklep\/\"},{\"@type\":\"ListItem\",\"position\":3,\"name\":\"Ta\u015bma do kinesiotapingu Classic \u2022 Cure Tape 5 cm x 5 m\"}]},{\"@type\":\"WebSite\",\"@id\":\"https:\/\/dev1.jogapiekna.com\/#website\",\"url\":\"https:\/\/dev1.jogapiekna.com\/\",\"name\":\"Joga Pi\u0119kna Marta Kuci\u0144ska\",\"description\":\"Joga Pi\u0119kna pomaga kobietom zachowa\u0107 urod\u0119, cofn\u0105\u0107 oznaki up\u0142ywaj\u0105cego czasu i zm\u0119czenia, odzyska\u0107 promienny wygl\u0105d, naturalny u\u015bmiech i popraw\u0119 w\u0142asnej samooceny.\",\"publisher\":{\"@id\":\"https:\/\/dev1.jogapiekna.com\/#organization\"},\"potentialAction\":[{\"@type\":\"SearchAction\",\"target\":{\"@type\":\"EntryPoint\",\"urlTemplate\":\"https:\/\/dev1.jogapiekna.com\/?s={search_term_string}\"},\"query-input\":{\"@type\":\"PropertyValueSpecification\",\"valueRequired\":true,\"valueName\":\"search_term_string\"}}],\"inLanguage\":\"en-GB\"},{\"@type\":\"Organization\",\"@id\":\"https:\/\/dev1.jogapiekna.com\/#organization\",\"name\":\"Joga Pi\u0119kna Marta Kuci\u0144ska\",\"url\":\"https:\/\/dev1.jogapiekna.com\/\",\"logo\":{\"@type\":\"ImageObject\",\"inLanguage\":\"en-GB\",\"@id\":\"https:\/\/dev1.jogapiekna.com\/#\/schema\/logo\/image\/\",\"url\":\"https:\/\/dev1.jogapiekna.com\/wp-content\/uploads\/2022\/09\/joga-piekna-logo_Rka.png\",\"contentUrl\":\"https:\/\/dev1.jogapiekna.com\/wp-content\/uploads\/2022\/09\/joga-piekna-logo_Rka.png\",\"width\":231,\"height\":124,\"caption\":\"Joga Pi\u0119kna Marta Kuci\u0144ska\"},\"image\":{\"@id\":\"https:\/\/dev1.jogapiekna.com\/#\/schema\/logo\/image\/\"},\"sameAs\":[\"https:\/\/www.facebook.com\/JogaPieknaCom\/\",\"https:\/\/www.instagram.com\/jogapieknacom\/\"]}]}<\/script>\n<!-- \/ Yoast SEO plugin. -->","yoast_head_json":{"title":"Ta\u015bma do kinesiotapingu Classic \u2022 Cure Tape 5 cm x 5 m |","description":"U\u017cyj klasycznej ta\u015bmy do kinesiotapingu, aby zmniejszy\u0107 obrz\u0119ki, zredukowa\u0107 napi\u0119cie mi\u0119\u015bni lub poprawi\u0107 kr\u0105\u017cenie krwi oraz limfy. Plaster Classic Cure Tape ma ogrom zastosowa\u0144 prozdrowotnych i estetycznych.","robots":{"index":"index","follow":"follow","max-snippet":"max-snippet:-1","max-image-preview":"max-image-preview:large","max-video-preview":"max-video-preview:-1"},"canonical":"https:\/\/dev1.jogapiekna.com\/en\/product\/tasma-do-kinesiotapingu-classic-curetape5cm\/","og_locale":"en_GB","og_type":"article","og_title":"Ta\u015bma do kinesiotapingu Classic \u2022 Cure Tape 5 cm x 5 m |","og_description":"U\u017cyj klasycznej ta\u015bmy do kinesiotapingu, aby zmniejszy\u0107 obrz\u0119ki, zredukowa\u0107 napi\u0119cie mi\u0119\u015bni lub poprawi\u0107 kr\u0105\u017cenie krwi oraz limfy. Plaster Classic Cure Tape ma ogrom zastosowa\u0144 prozdrowotnych i estetycznych.","og_url":"https:\/\/dev1.jogapiekna.com\/en\/product\/tasma-do-kinesiotapingu-classic-curetape5cm\/","og_site_name":"JOGA PI\u0118KNA | Joga Twarzy","article_publisher":"https:\/\/www.facebook.com\/JogaPieknaCom\/","article_modified_time":"2026-03-11T15:34:41+00:00","og_image":[{"width":1000,"height":1000,"url":"https:\/\/dev1.jogapiekna.com\/wp-content\/uploads\/2023\/03\/Tasma-do-kinesiotapingu-CuteTape5cm.jpg","type":"image\/jpeg"}],"twitter_card":"summary_large_image","twitter_misc":{"Estimated reading time":"4 minutes"},"schema":{"@context":"https:\/\/schema.org","@graph":[{"@type":"WebPage","@id":"https:\/\/dev1.jogapiekna.com\/en\/product\/tasma-do-kinesiotapingu-classic-curetape5cm\/","url":"https:\/\/dev1.jogapiekna.com\/en\/product\/tasma-do-kinesiotapingu-classic-curetape5cm\/","name":"Ta\u015bma do kinesiotapingu Classic \u2022 Cure Tape 5 cm x 5 m |","isPartOf":{"@id":"https:\/\/dev1.jogapiekna.com\/#website"},"primaryImageOfPage":{"@id":"https:\/\/dev1.jogapiekna.com\/en\/product\/tasma-do-kinesiotapingu-classic-curetape5cm\/#primaryimage"},"image":{"@id":"https:\/\/dev1.jogapiekna.com\/en\/product\/tasma-do-kinesiotapingu-classic-curetape5cm\/#primaryimage"},"thumbnailUrl":"https:\/\/dev1.jogapiekna.com\/wp-content\/uploads\/2023\/03\/Tasma-do-kinesiotapingu-CuteTape5cm.jpg","datePublished":"2023-03-01T15:23:29+00:00","dateModified":"2026-03-11T15:34:41+00:00","description":"U\u017cyj klasycznej ta\u015bmy do kinesiotapingu, aby zmniejszy\u0107 obrz\u0119ki, zredukowa\u0107 napi\u0119cie mi\u0119\u015bni lub poprawi\u0107 kr\u0105\u017cenie krwi oraz limfy. Plaster Classic Cure Tape ma ogrom zastosowa\u0144 prozdrowotnych i estetycznych.","breadcrumb":{"@id":"https:\/\/dev1.jogapiekna.com\/en\/product\/tasma-do-kinesiotapingu-classic-curetape5cm\/#breadcrumb"},"inLanguage":"en-GB","potentialAction":[{"@type":"ReadAction","target":["https:\/\/dev1.jogapiekna.com\/en\/product\/tasma-do-kinesiotapingu-classic-curetape5cm\/"]}]},{"@type":"ImageObject","inLanguage":"en-GB","@id":"https:\/\/dev1.jogapiekna.com\/en\/product\/tasma-do-kinesiotapingu-classic-curetape5cm\/#primaryimage","url":"https:\/\/dev1.jogapiekna.com\/wp-content\/uploads\/2023\/03\/Tasma-do-kinesiotapingu-CuteTape5cm.jpg","contentUrl":"https:\/\/dev1.jogapiekna.com\/wp-content\/uploads\/2023\/03\/Tasma-do-kinesiotapingu-CuteTape5cm.jpg","width":1000,"height":1000,"caption":"Ta\u015bma do kinesiotapingu estetycznego twarzy Cure Tape 5cm"},{"@type":"BreadcrumbList","@id":"https:\/\/dev1.jogapiekna.com\/en\/product\/tasma-do-kinesiotapingu-classic-curetape5cm\/#breadcrumb","itemListElement":[{"@type":"ListItem","position":1,"name":"Strona g\u0142\u00f3wna","item":"https:\/\/dev1.jogapiekna.com\/"},{"@type":"ListItem","position":2,"name":"Sklep","item":"https:\/\/dev1.jogapiekna.com\/sklep\/"},{"@type":"ListItem","position":3,"name":"Ta\u015bma do kinesiotapingu Classic \u2022 Cure Tape 5 cm x 5 m"}]},{"@type":"WebSite","@id":"https:\/\/dev1.jogapiekna.com\/#website","url":"https:\/\/dev1.jogapiekna.com\/","name":"Yoga Beauty Marta Kuci\u0144ska","description":"Beauty Yoga helps women to maintain their beauty, reverse the signs of passing time and fatigue, regain a radiant appearance, natural smile and improve their self-esteem.","publisher":{"@id":"https:\/\/dev1.jogapiekna.com\/#organization"},"potentialAction":[{"@type":"SearchAction","target":{"@type":"EntryPoint","urlTemplate":"https:\/\/dev1.jogapiekna.com\/?s={search_term_string}"},"query-input":{"@type":"PropertyValueSpecification","valueRequired":true,"valueName":"search_term_string"}}],"inLanguage":"en-GB"},{"@type":"Organization","@id":"https:\/\/dev1.jogapiekna.com\/#organization","name":"Yoga Beauty Marta Kuci\u0144ska","url":"https:\/\/dev1.jogapiekna.com\/","logo":{"@type":"ImageObject","inLanguage":"en-GB","@id":"https:\/\/dev1.jogapiekna.com\/#\/schema\/logo\/image\/","url":"https:\/\/dev1.jogapiekna.com\/wp-content\/uploads\/2022\/09\/joga-piekna-logo_Rka.png","contentUrl":"https:\/\/dev1.jogapiekna.com\/wp-content\/uploads\/2022\/09\/joga-piekna-logo_Rka.png","width":231,"height":124,"caption":"Joga Pi\u0119kna Marta Kuci\u0144ska"},"image":{"@id":"https:\/\/dev1.jogapiekna.com\/#\/schema\/logo\/image\/"},"sameAs":["https:\/\/www.facebook.com\/JogaPieknaCom\/","https:\/\/www.instagram.com\/jogapieknacom\/"]}]}},"_links":{"self":[{"href":"https:\/\/dev1.jogapiekna.com\/en\/wp-json\/wp\/v2\/product\/116192","targetHints":{"allow":["GET"]}}],"collection":[{"href":"https:\/\/dev1.jogapiekna.com\/en\/wp-json\/wp\/v2\/product"}],"about":[{"href":"https:\/\/dev1.jogapiekna.com\/en\/wp-json\/wp\/v2\/types\/product"}],"replies":[{"embeddable":true,"href":"https:\/\/dev1.jogapiekna.com\/en\/wp-json\/wp\/v2\/comments?post=116192"}],"version-history":[{"count":5,"href":"https:\/\/dev1.jogapiekna.com\/en\/wp-json\/wp\/v2\/product\/116192\/revisions"}],"predecessor-version":[{"id":215643,"href":"https:\/\/dev1.jogapiekna.com\/en\/wp-json\/wp\/v2\/product\/116192\/revisions\/215643"}],"wp:featuredmedia":[{"embeddable":true,"href":"https:\/\/dev1.jogapiekna.com\/en\/wp-json\/wp\/v2\/media\/116199"}],"wp:attachment":[{"href":"https:\/\/dev1.jogapiekna.com\/en\/wp-json\/wp\/v2\/media?parent=116192"}],"wp:term":[{"taxonomy":"product_brand","embeddable":true,"href":"https:\/\/dev1.jogapiekna.com\/en\/wp-json\/wp\/v2\/product_brand?post=116192"},{"taxonomy":"product_cat","embeddable":true,"href":"https:\/\/dev1.jogapiekna.com\/en\/wp-json\/wp\/v2\/product_cat?post=116192"},{"taxonomy":"product_tag","embeddable":true,"href":"https:\/\/dev1.jogapiekna.com\/en\/wp-json\/wp\/v2\/product_tag?post=116192"}],"curies":[{"name":"wp","href":"https:\/\/api.w.org\/{rel}","templated":true}]}}