{"id":1114,"date":"2019-02-04T21:16:08","date_gmt":"2019-02-04T20:16:08","guid":{"rendered":"https:\/\/dev1.jogapiekna.com?post_type=product&#038;p=1114"},"modified":"2025-12-22T00:46:51","modified_gmt":"2025-12-21T23:46:51","slug":"olejek-mieta-pieprzowa-15-ml","status":"publish","type":"product","link":"https:\/\/dev1.jogapiekna.com\/en\/product\/olejek-mieta-pieprzowa-15-ml\/","title":{"rendered":"doTERRA Oil \u2022 Peppermint \u2022 peppermint \u2022 15 ml"},"content":{"rendered":"<p>Peppermint (peppermint) is one of the oldest and most recognized herbs for relieving digestive problems and improving metabolic processes. Improves the process of digestion and absorption of nutrients by the body.<\/p>\n<p>Peppermint oil is a spicy oil. Therefore, it should avoid contact with the eyes and other sensitive parts of the body. However, if it happens that a small amount of oil gets into the eyes, it is best to wash it out with fractionated coconut oil or possibly olive oil or other vegetable oil.<\/p>\n<p>Despite the unpleasant feeling of smoking, a small amount of peppermint oil does not harm our eyes.<\/p>\n<p>The oil promotes digestion, removes parasites from the digestive system.<\/p>\n<p><strong>indication:<\/strong><\/p>\n<ul>\n<li>respiratory system: asthma, cold and flu, bronchitis, bronchitis, pharyngitis, fever<\/li>\n<li>problems with the digestive system: heartburn, colic, diarrhea, metabolism, nausea, abdominal pain<\/li>\n<li>headaches, migraines<\/li>\n<li>motion sickness<\/li>\n<li>pruritus and dermatitis<\/li>\n<li>insect bites<\/li>\n<\/ul>\n<p><strong>How to use it:<\/strong><\/p>\n<ul>\n<li>diffuser: 2-4 drops<\/li>\n<li>inside: 1 drop per 0.5 cup of water<\/li>\n<li>for the skin: 1-2 drops on the selected area of the skin. Can be mixed with coconut oil to reduce skin sensitivity<\/li>\n<li>belly massage with diluted oil<\/li>\n<li>add to water or tea for proper digestion (1 drop per 0.5 cup of water)<\/li>\n<li>also apply to the lower part of the legs or rub into the temples for headaches<\/li>\n<li>to increase concentration and memory, put 1 drop on your tongue<\/li>\n<li>add to food as a flavoring agent and preservative<\/li>\n<\/ul>\n<p><strong>All doTERRA oils are clean and safe. They are certified CPTG (Certified Pure Therapeutic Grade\u00ae) - certified pure therapeutic grade.<\/strong> They can be safely used internally, lubricated the body, and inhaled.<\/p>\n<p><strong>CPTG-Certified Pure Therapeutic Grade (ACKT-Certified Pure therapeutic Grade)<\/strong> doTERRA oils, which makes it absolutely safe to use oils orally (those intended for internal use), as well as in small children.<\/p>\n<p>What does such a certificate mean?<\/p>\n<ul>\n<li>quality without pesticides and heavy metals,<\/li>\n<li>no artificial colors or fillers,<\/li>\n<li>kontrolowane uprawy na obszarach, gdzie naturalnie wyst\u0119puje dana ro\u015blina i zbieranie jej w optymalnym momencie<\/li>\n<li>brak domieszek olejk\u00f3w z innych ro\u015blinnych<\/li>\n<li>brak domieszek olejk\u00f3w syntetycznych<\/li>\n<\/ul>","protected":false},"excerpt":{"rendered":"<p>15 ml \/ 300 drops<\/p>","protected":false},"featured_media":94652,"comment_status":"closed","ping_status":"closed","template":"","meta":{"_acf_changed":false,"site-sidebar-layout":"default","site-content-layout":"","ast-site-content-layout":"default","site-content-style":"default","site-sidebar-style":"default","ast-global-header-display":"","ast-banner-title-visibility":"","ast-main-header-display":"","ast-hfb-above-header-display":"","ast-hfb-below-header-display":"","ast-hfb-mobile-header-display":"","site-post-title":"","ast-breadcrumbs-content":"","ast-featured-img":"","footer-sml-layout":"","ast-disable-related-posts":"","theme-transparent-header-meta":"","adv-header-id-meta":"","stick-header-meta":"","header-above-stick-meta":"","header-main-stick-meta":"","header-below-stick-meta":"","astra-migrate-meta-layouts":"default","ast-page-background-enabled":"default","ast-page-background-meta":{"desktop":{"background-color":"var(--ast-global-color-5)","background-image":"","background-repeat":"repeat","background-position":"center center","background-size":"auto","background-attachment":"scroll","background-type":"","background-media":"","overlay-type":"","overlay-color":"","overlay-opacity":"","overlay-gradient":""},"tablet":{"background-color":"","background-image":"","background-repeat":"repeat","background-position":"center center","background-size":"auto","background-attachment":"scroll","background-type":"","background-media":"","overlay-type":"","overlay-color":"","overlay-opacity":"","overlay-gradient":""},"mobile":{"background-color":"","background-image":"","background-repeat":"repeat","background-position":"center center","background-size":"auto","background-attachment":"scroll","background-type":"","background-media":"","overlay-type":"","overlay-color":"","overlay-opacity":"","overlay-gradient":""}},"ast-content-background-meta":{"desktop":{"background-color":"var(--ast-global-color-4)","background-image":"","background-repeat":"repeat","background-position":"center center","background-size":"auto","background-attachment":"scroll","background-type":"","background-media":"","overlay-type":"","overlay-color":"","overlay-opacity":"","overlay-gradient":""},"tablet":{"background-color":"var(--ast-global-color-4)","background-image":"","background-repeat":"repeat","background-position":"center center","background-size":"auto","background-attachment":"scroll","background-type":"","background-media":"","overlay-type":"","overlay-color":"","overlay-opacity":"","overlay-gradient":""},"mobile":{"background-color":"var(--ast-global-color-4)","background-image":"","background-repeat":"repeat","background-position":"center center","background-size":"auto","background-attachment":"scroll","background-type":"","background-media":"","overlay-type":"","overlay-color":"","overlay-opacity":"","overlay-gradient":""}}},"product_brand":[],"product_cat":[642],"product_tag":[157,447,450,451,144,445,442,443,57,161,446,444,449,448],"class_list":{"0":"post-1114","1":"product","2":"type-product","3":"status-publish","4":"has-post-thumbnail","6":"product_cat-olejki-eteryczne","7":"product_tag-aromaterapia","8":"product_tag-astma","9":"product_tag-biegunka","10":"product_tag-choroba-lokomocyjna","11":"product_tag-doterra","12":"product_tag-metabolizm","13":"product_tag-mieta","14":"product_tag-mieta-pieprzowa","15":"product_tag-olejek-eteryczny","16":"product_tag-olejek-eteryczny-mieta-pieprzowa","17":"product_tag-przeziebienia","18":"product_tag-uklad-trawienny","19":"product_tag-zapalenie-gardla","20":"product_tag-zapalenie-oskrzeli","21":"desktop-align-left","22":"tablet-align-left","23":"mobile-align-left","25":"first","26":"instock","27":"taxable","28":"shipping-taxable","29":"purchasable","30":"product-type-simple"},"acf":[],"yoast_head":"<!-- This site is optimized with the Yoast SEO plugin v27.1.1 - https:\/\/yoast.com\/product\/yoast-seo-wordpress\/ -->\n<title>Olejek doTERRA \u2022 Mi\u0119ta Pieprzowa \u2022 Peppermint \u2022 15 ml | Joga Pi\u0119kna | Naturalne kosmetyki<\/title>\n<meta name=\"description\" content=\"Mi\u0119ta pieprzowa jest jednym z najstarszych i najbardziej uznanych zi\u00f3\u0142 w \u0142agodzeniu problem\u00f3w uk\u0142adu trawiennego i poprawianiu proces\u00f3w metabolicznych.\" \/>\n<meta name=\"robots\" content=\"index, follow, max-snippet:-1, max-image-preview:large, max-video-preview:-1\" \/>\n<link rel=\"canonical\" href=\"https:\/\/dev1.jogapiekna.com\/en\/product\/olejek-mieta-pieprzowa-15-ml\/\" \/>\n<meta property=\"og:locale\" content=\"en_GB\" \/>\n<meta property=\"og:type\" content=\"article\" \/>\n<meta property=\"og:title\" content=\"Olejek doTERRA \u2022 Mi\u0119ta Pieprzowa \u2022 Peppermint \u2022 15 ml | Joga Pi\u0119kna | Naturalne kosmetyki\" \/>\n<meta property=\"og:description\" content=\"Mi\u0119ta pieprzowa jest jednym z najstarszych i najbardziej uznanych zi\u00f3\u0142 w \u0142agodzeniu problem\u00f3w uk\u0142adu trawiennego i poprawianiu proces\u00f3w metabolicznych.\" \/>\n<meta property=\"og:url\" content=\"https:\/\/dev1.jogapiekna.com\/en\/product\/olejek-mieta-pieprzowa-15-ml\/\" \/>\n<meta property=\"og:site_name\" content=\"JOGA PI\u0118KNA | Joga Twarzy\" \/>\n<meta property=\"article:publisher\" content=\"https:\/\/www.facebook.com\/JogaPieknaCom\/\" \/>\n<meta property=\"article:modified_time\" content=\"2025-12-21T23:46:51+00:00\" \/>\n<meta property=\"og:image\" content=\"https:\/\/dev1.jogapiekna.com\/wp-content\/uploads\/2019\/02\/joga-piekna_olejek-peppermint-doterra.jpg\" \/>\n\t<meta property=\"og:image:width\" content=\"1000\" \/>\n\t<meta property=\"og:image:height\" content=\"1000\" \/>\n\t<meta property=\"og:image:type\" content=\"image\/jpeg\" \/>\n<meta name=\"twitter:card\" content=\"summary_large_image\" \/>\n<meta name=\"twitter:label1\" content=\"Estimated reading time\" \/>\n\t<meta name=\"twitter:data1\" content=\"2 minutes\" \/>\n<script type=\"application\/ld+json\" class=\"yoast-schema-graph\">{\"@context\":\"https:\/\/schema.org\",\"@graph\":[{\"@type\":\"WebPage\",\"@id\":\"https:\/\/dev1.jogapiekna.com\/produkt\/olejek-mieta-pieprzowa-15-ml\/\",\"url\":\"https:\/\/dev1.jogapiekna.com\/produkt\/olejek-mieta-pieprzowa-15-ml\/\",\"name\":\"Olejek doTERRA \u2022 Mi\u0119ta Pieprzowa \u2022 Peppermint \u2022 15 ml | Joga Pi\u0119kna | Naturalne kosmetyki\",\"isPartOf\":{\"@id\":\"https:\/\/dev1.jogapiekna.com\/#website\"},\"primaryImageOfPage\":{\"@id\":\"https:\/\/dev1.jogapiekna.com\/produkt\/olejek-mieta-pieprzowa-15-ml\/#primaryimage\"},\"image\":{\"@id\":\"https:\/\/dev1.jogapiekna.com\/produkt\/olejek-mieta-pieprzowa-15-ml\/#primaryimage\"},\"thumbnailUrl\":\"https:\/\/dev1.jogapiekna.com\/wp-content\/uploads\/2019\/02\/joga-piekna_olejek-peppermint-doterra.jpg\",\"datePublished\":\"2019-02-04T20:16:08+00:00\",\"dateModified\":\"2025-12-21T23:46:51+00:00\",\"description\":\"Mi\u0119ta pieprzowa jest jednym z najstarszych i najbardziej uznanych zi\u00f3\u0142 w \u0142agodzeniu problem\u00f3w uk\u0142adu trawiennego i poprawianiu proces\u00f3w metabolicznych.\",\"breadcrumb\":{\"@id\":\"https:\/\/dev1.jogapiekna.com\/produkt\/olejek-mieta-pieprzowa-15-ml\/#breadcrumb\"},\"inLanguage\":\"en-GB\",\"potentialAction\":[{\"@type\":\"ReadAction\",\"target\":[\"https:\/\/dev1.jogapiekna.com\/produkt\/olejek-mieta-pieprzowa-15-ml\/\"]}]},{\"@type\":\"ImageObject\",\"inLanguage\":\"en-GB\",\"@id\":\"https:\/\/dev1.jogapiekna.com\/produkt\/olejek-mieta-pieprzowa-15-ml\/#primaryimage\",\"url\":\"https:\/\/dev1.jogapiekna.com\/wp-content\/uploads\/2019\/02\/joga-piekna_olejek-peppermint-doterra.jpg\",\"contentUrl\":\"https:\/\/dev1.jogapiekna.com\/wp-content\/uploads\/2019\/02\/joga-piekna_olejek-peppermint-doterra.jpg\",\"width\":1000,\"height\":1000,\"caption\":\"Olejek doTERRA \u2022 Mi\u0119ta Pieprzowa \u2022 Peppermint \u2022 15 ml\"},{\"@type\":\"BreadcrumbList\",\"@id\":\"https:\/\/dev1.jogapiekna.com\/produkt\/olejek-mieta-pieprzowa-15-ml\/#breadcrumb\",\"itemListElement\":[{\"@type\":\"ListItem\",\"position\":1,\"name\":\"Strona g\u0142\u00f3wna\",\"item\":\"https:\/\/dev1.jogapiekna.com\/\"},{\"@type\":\"ListItem\",\"position\":2,\"name\":\"Sklep\",\"item\":\"https:\/\/dev1.jogapiekna.com\/sklep\/\"},{\"@type\":\"ListItem\",\"position\":3,\"name\":\"Olejek doTERRA \u2022 Mi\u0119ta Pieprzowa \u2022 Peppermint \u2022 15 ml\"}]},{\"@type\":\"WebSite\",\"@id\":\"https:\/\/dev1.jogapiekna.com\/#website\",\"url\":\"https:\/\/dev1.jogapiekna.com\/\",\"name\":\"Joga Pi\u0119kna Marta Kuci\u0144ska\",\"description\":\"Joga Pi\u0119kna pomaga kobietom zachowa\u0107 urod\u0119, cofn\u0105\u0107 oznaki up\u0142ywaj\u0105cego czasu i zm\u0119czenia, odzyska\u0107 promienny wygl\u0105d, naturalny u\u015bmiech i popraw\u0119 w\u0142asnej samooceny.\",\"publisher\":{\"@id\":\"https:\/\/dev1.jogapiekna.com\/#organization\"},\"potentialAction\":[{\"@type\":\"SearchAction\",\"target\":{\"@type\":\"EntryPoint\",\"urlTemplate\":\"https:\/\/dev1.jogapiekna.com\/?s={search_term_string}\"},\"query-input\":{\"@type\":\"PropertyValueSpecification\",\"valueRequired\":true,\"valueName\":\"search_term_string\"}}],\"inLanguage\":\"en-GB\"},{\"@type\":\"Organization\",\"@id\":\"https:\/\/dev1.jogapiekna.com\/#organization\",\"name\":\"Joga Pi\u0119kna Marta Kuci\u0144ska\",\"url\":\"https:\/\/dev1.jogapiekna.com\/\",\"logo\":{\"@type\":\"ImageObject\",\"inLanguage\":\"en-GB\",\"@id\":\"https:\/\/dev1.jogapiekna.com\/#\/schema\/logo\/image\/\",\"url\":\"https:\/\/dev1.jogapiekna.com\/wp-content\/uploads\/2022\/09\/joga-piekna-logo_Rka.png\",\"contentUrl\":\"https:\/\/dev1.jogapiekna.com\/wp-content\/uploads\/2022\/09\/joga-piekna-logo_Rka.png\",\"width\":231,\"height\":124,\"caption\":\"Joga Pi\u0119kna Marta Kuci\u0144ska\"},\"image\":{\"@id\":\"https:\/\/dev1.jogapiekna.com\/#\/schema\/logo\/image\/\"},\"sameAs\":[\"https:\/\/www.facebook.com\/JogaPieknaCom\/\",\"https:\/\/www.instagram.com\/jogapieknacom\/\"]}]}<\/script>\n<!-- \/ Yoast SEO plugin. -->","yoast_head_json":{"title":"Olejek doTERRA \u2022 Mi\u0119ta Pieprzowa \u2022 Peppermint \u2022 15 ml | Joga Pi\u0119kna | Naturalne kosmetyki","description":"Mi\u0119ta pieprzowa jest jednym z najstarszych i najbardziej uznanych zi\u00f3\u0142 w \u0142agodzeniu problem\u00f3w uk\u0142adu trawiennego i poprawianiu proces\u00f3w metabolicznych.","robots":{"index":"index","follow":"follow","max-snippet":"max-snippet:-1","max-image-preview":"max-image-preview:large","max-video-preview":"max-video-preview:-1"},"canonical":"https:\/\/dev1.jogapiekna.com\/en\/product\/olejek-mieta-pieprzowa-15-ml\/","og_locale":"en_GB","og_type":"article","og_title":"Olejek doTERRA \u2022 Mi\u0119ta Pieprzowa \u2022 Peppermint \u2022 15 ml | Joga Pi\u0119kna | Naturalne kosmetyki","og_description":"Mi\u0119ta pieprzowa jest jednym z najstarszych i najbardziej uznanych zi\u00f3\u0142 w \u0142agodzeniu problem\u00f3w uk\u0142adu trawiennego i poprawianiu proces\u00f3w metabolicznych.","og_url":"https:\/\/dev1.jogapiekna.com\/en\/product\/olejek-mieta-pieprzowa-15-ml\/","og_site_name":"JOGA PI\u0118KNA | Joga Twarzy","article_publisher":"https:\/\/www.facebook.com\/JogaPieknaCom\/","article_modified_time":"2025-12-21T23:46:51+00:00","og_image":[{"width":1000,"height":1000,"url":"https:\/\/dev1.jogapiekna.com\/wp-content\/uploads\/2019\/02\/joga-piekna_olejek-peppermint-doterra.jpg","type":"image\/jpeg"}],"twitter_card":"summary_large_image","twitter_misc":{"Estimated reading time":"2 minutes"},"schema":{"@context":"https:\/\/schema.org","@graph":[{"@type":"WebPage","@id":"https:\/\/dev1.jogapiekna.com\/produkt\/olejek-mieta-pieprzowa-15-ml\/","url":"https:\/\/dev1.jogapiekna.com\/produkt\/olejek-mieta-pieprzowa-15-ml\/","name":"Olejek doTERRA \u2022 Mi\u0119ta Pieprzowa \u2022 Peppermint \u2022 15 ml | Joga Pi\u0119kna | Naturalne kosmetyki","isPartOf":{"@id":"https:\/\/dev1.jogapiekna.com\/#website"},"primaryImageOfPage":{"@id":"https:\/\/dev1.jogapiekna.com\/produkt\/olejek-mieta-pieprzowa-15-ml\/#primaryimage"},"image":{"@id":"https:\/\/dev1.jogapiekna.com\/produkt\/olejek-mieta-pieprzowa-15-ml\/#primaryimage"},"thumbnailUrl":"https:\/\/dev1.jogapiekna.com\/wp-content\/uploads\/2019\/02\/joga-piekna_olejek-peppermint-doterra.jpg","datePublished":"2019-02-04T20:16:08+00:00","dateModified":"2025-12-21T23:46:51+00:00","description":"Mi\u0119ta pieprzowa jest jednym z najstarszych i najbardziej uznanych zi\u00f3\u0142 w \u0142agodzeniu problem\u00f3w uk\u0142adu trawiennego i poprawianiu proces\u00f3w metabolicznych.","breadcrumb":{"@id":"https:\/\/dev1.jogapiekna.com\/produkt\/olejek-mieta-pieprzowa-15-ml\/#breadcrumb"},"inLanguage":"en-GB","potentialAction":[{"@type":"ReadAction","target":["https:\/\/dev1.jogapiekna.com\/produkt\/olejek-mieta-pieprzowa-15-ml\/"]}]},{"@type":"ImageObject","inLanguage":"en-GB","@id":"https:\/\/dev1.jogapiekna.com\/produkt\/olejek-mieta-pieprzowa-15-ml\/#primaryimage","url":"https:\/\/dev1.jogapiekna.com\/wp-content\/uploads\/2019\/02\/joga-piekna_olejek-peppermint-doterra.jpg","contentUrl":"https:\/\/dev1.jogapiekna.com\/wp-content\/uploads\/2019\/02\/joga-piekna_olejek-peppermint-doterra.jpg","width":1000,"height":1000,"caption":"Olejek doTERRA \u2022 Mi\u0119ta Pieprzowa \u2022 Peppermint \u2022 15 ml"},{"@type":"BreadcrumbList","@id":"https:\/\/dev1.jogapiekna.com\/produkt\/olejek-mieta-pieprzowa-15-ml\/#breadcrumb","itemListElement":[{"@type":"ListItem","position":1,"name":"Strona g\u0142\u00f3wna","item":"https:\/\/dev1.jogapiekna.com\/"},{"@type":"ListItem","position":2,"name":"Sklep","item":"https:\/\/dev1.jogapiekna.com\/sklep\/"},{"@type":"ListItem","position":3,"name":"Olejek doTERRA \u2022 Mi\u0119ta Pieprzowa \u2022 Peppermint \u2022 15 ml"}]},{"@type":"WebSite","@id":"https:\/\/dev1.jogapiekna.com\/#website","url":"https:\/\/dev1.jogapiekna.com\/","name":"Yoga Beauty Marta Kuci\u0144ska","description":"Beauty Yoga helps women to maintain their beauty, reverse the signs of passing time and fatigue, regain a radiant appearance, natural smile and improve their self-esteem.","publisher":{"@id":"https:\/\/dev1.jogapiekna.com\/#organization"},"potentialAction":[{"@type":"SearchAction","target":{"@type":"EntryPoint","urlTemplate":"https:\/\/dev1.jogapiekna.com\/?s={search_term_string}"},"query-input":{"@type":"PropertyValueSpecification","valueRequired":true,"valueName":"search_term_string"}}],"inLanguage":"en-GB"},{"@type":"Organization","@id":"https:\/\/dev1.jogapiekna.com\/#organization","name":"Yoga Beauty Marta Kuci\u0144ska","url":"https:\/\/dev1.jogapiekna.com\/","logo":{"@type":"ImageObject","inLanguage":"en-GB","@id":"https:\/\/dev1.jogapiekna.com\/#\/schema\/logo\/image\/","url":"https:\/\/dev1.jogapiekna.com\/wp-content\/uploads\/2022\/09\/joga-piekna-logo_Rka.png","contentUrl":"https:\/\/dev1.jogapiekna.com\/wp-content\/uploads\/2022\/09\/joga-piekna-logo_Rka.png","width":231,"height":124,"caption":"Joga Pi\u0119kna Marta Kuci\u0144ska"},"image":{"@id":"https:\/\/dev1.jogapiekna.com\/#\/schema\/logo\/image\/"},"sameAs":["https:\/\/www.facebook.com\/JogaPieknaCom\/","https:\/\/www.instagram.com\/jogapieknacom\/"]}]}},"_links":{"self":[{"href":"https:\/\/dev1.jogapiekna.com\/en\/wp-json\/wp\/v2\/product\/1114","targetHints":{"allow":["GET"]}}],"collection":[{"href":"https:\/\/dev1.jogapiekna.com\/en\/wp-json\/wp\/v2\/product"}],"about":[{"href":"https:\/\/dev1.jogapiekna.com\/en\/wp-json\/wp\/v2\/types\/product"}],"replies":[{"embeddable":true,"href":"https:\/\/dev1.jogapiekna.com\/en\/wp-json\/wp\/v2\/comments?post=1114"}],"version-history":[{"count":2,"href":"https:\/\/dev1.jogapiekna.com\/en\/wp-json\/wp\/v2\/product\/1114\/revisions"}],"predecessor-version":[{"id":211269,"href":"https:\/\/dev1.jogapiekna.com\/en\/wp-json\/wp\/v2\/product\/1114\/revisions\/211269"}],"wp:featuredmedia":[{"embeddable":true,"href":"https:\/\/dev1.jogapiekna.com\/en\/wp-json\/wp\/v2\/media\/94652"}],"wp:attachment":[{"href":"https:\/\/dev1.jogapiekna.com\/en\/wp-json\/wp\/v2\/media?parent=1114"}],"wp:term":[{"taxonomy":"product_brand","embeddable":true,"href":"https:\/\/dev1.jogapiekna.com\/en\/wp-json\/wp\/v2\/product_brand?post=1114"},{"taxonomy":"product_cat","embeddable":true,"href":"https:\/\/dev1.jogapiekna.com\/en\/wp-json\/wp\/v2\/product_cat?post=1114"},{"taxonomy":"product_tag","embeddable":true,"href":"https:\/\/dev1.jogapiekna.com\/en\/wp-json\/wp\/v2\/product_tag?post=1114"}],"curies":[{"name":"wp","href":"https:\/\/api.w.org\/{rel}","templated":true}]}}